{"id":3433,"date":"2020-04-20T18:29:27","date_gmt":"2020-04-20T18:29:27","guid":{"rendered":"https:\/\/aterya.tam.net.tr\/?page_id=3433"},"modified":"2020-04-20T19:24:22","modified_gmt":"2020-04-20T19:24:22","slug":"kumanda-panolari","status":"publish","type":"page","link":"https:\/\/kmtasansor.com\/fr\/kumanda-panolari\/","title":{"rendered":"Panneaux de contr\u00f4le"},"content":{"rendered":"<div data-elementor-type=\"wp-page\" data-elementor-id=\"3433\" class=\"elementor elementor-3433\" data-elementor-settings=\"[]\">\n\t\t\t\t\t\t<div class=\"elementor-inner\">\n\t\t\t\t\t\t\t<div class=\"elementor-section-wrap\">\n\t\t\t\t\t\t\t<section class=\"has_eae_slider elementor-section elementor-top-section elementor-element elementor-element-eb8e545 elementor-section-boxed elementor-section-height-default elementor-section-height-default\" data-id=\"eb8e545\" data-element_type=\"section\" data-settings=\"{&quot;background_background&quot;:&quot;classic&quot;,&quot;ekit_section_parallax_bg_speed&quot;:0.6,&quot;ekit_section_parallax_bg&quot;:&quot;yes&quot;}\">\n\t\t\t\t\t\t<div class=\"elementor-container elementor-column-gap-default\">\n\t\t\t\t\t\t\t<div class=\"elementor-row\">\n\t\t\t\t\t<div class=\"has_eae_slider elementor-column elementor-col-100 elementor-top-column elementor-element elementor-element-95cc768\" data-id=\"95cc768\" data-element_type=\"column\">\n\t\t\t<div class=\"elementor-column-wrap elementor-element-populated\">\n\t\t\t\t\t\t\t<div class=\"elementor-widget-wrap\">\n\t\t\t\t\t\t<div class=\"elementor-element elementor-element-8cb5b1e elementor-widget elementor-widget-elementskit-heading\" data-id=\"8cb5b1e\" data-element_type=\"widget\" data-settings=\"{&quot;ekit_we_effect_on&quot;:&quot;none&quot;}\" data-widget_type=\"elementskit-heading.default\">\n\t\t\t\t<div class=\"elementor-widget-container\">\n\t\t\t<div class=\"ekit-wid-con\" ><div class=\"elementskit-section-title-wraper text_center   ekit_heading_tablet-   ekit_heading_mobile-\"><h2 class=\"elementskit-section-title\">\n\t\t\t\t\tKUMANDA PANOLARI\n\t\t\t\t<\/h2><\/div><\/div>\t\t<\/div>\n\t\t\t\t<\/div>\n\t\t\t\t\t\t<\/div>\n\t\t\t\t\t<\/div>\n\t\t<\/div>\n\t\t\t\t\t\t\t\t<\/div>\n\t\t\t\t\t<\/div>\n\t\t<\/section>\n\t\t\t\t<section class=\"has_eae_slider elementor-section elementor-top-section elementor-element elementor-element-c33d264 elementor-section-full_width elementor-section-height-default elementor-section-height-default\" data-id=\"c33d264\" data-element_type=\"section\" data-settings=\"{&quot;background_background&quot;:&quot;classic&quot;,&quot;ekit_section_parallax_bg_speed&quot;:0.6,&quot;ekit_section_parallax_bg&quot;:&quot;yes&quot;}\">\n\t\t\t\t\t\t<div class=\"elementor-container elementor-column-gap-default\">\n\t\t\t\t\t\t\t<div class=\"elementor-row\">\n\t\t\t\t\t<div class=\"has_eae_slider elementor-column elementor-col-100 elementor-top-column elementor-element elementor-element-09771f4\" data-id=\"09771f4\" data-element_type=\"column\">\n\t\t\t<div class=\"elementor-column-wrap elementor-element-populated\">\n\t\t\t\t\t\t\t<div class=\"elementor-widget-wrap\">\n\t\t\t\t\t\t<div class=\"elementor-element elementor-element-1205bdb elementor-widget elementor-widget-wp-widget-bcn_widget\" data-id=\"1205bdb\" data-element_type=\"widget\" data-settings=\"{&quot;ekit_we_effect_on&quot;:&quot;none&quot;}\" data-widget_type=\"wp-widget-bcn_widget.default\">\n\t\t\t\t<div class=\"elementor-widget-container\">\n\t\t\t<div class=\"breadcrumbs\" vocab=\"https:\/\/schema.org\/\" typeof=\"BreadcrumbList\"><!-- Breadcrumb NavXT 6.4.0 -->\n<span property=\"itemListElement\" typeof=\"ListItem\"><a property=\"item\" typeof=\"WebPage\" title=\"Go to Aterya Asans\u00f6r | Kap\u0131 | Kabin | Komple Asans\u00f6r Sistemleri | Aterya Elevator.\" href=\"https:\/\/kmtasansor.com\/fr\/\" class=\"home\" aria-current=\"page\"><span property=\"name\">ACCUEIL<\/span><\/a><meta property=\"position\" content=\"1\"><\/span><\/div>\t\t<\/div>\n\t\t\t\t<\/div>\n\t\t\t\t\t\t<\/div>\n\t\t\t\t\t<\/div>\n\t\t<\/div>\n\t\t\t\t\t\t\t\t<\/div>\n\t\t\t\t\t<\/div>\n\t\t<\/section>\n\t\t\t\t<section class=\"has_eae_slider elementor-section elementor-top-section elementor-element elementor-element-c07dac6 elementor-section-full_width elementor-section-height-default elementor-section-height-default\" data-id=\"c07dac6\" data-element_type=\"section\">\n\t\t\t\t\t\t<div class=\"elementor-container elementor-column-gap-default\">\n\t\t\t\t\t\t\t<div class=\"elementor-row\">\n\t\t\t\t\t<div class=\"has_eae_slider elementor-column elementor-col-100 elementor-top-column elementor-element elementor-element-5b073f6\" data-id=\"5b073f6\" data-element_type=\"column\">\n\t\t\t<div class=\"elementor-column-wrap elementor-element-populated\">\n\t\t\t\t\t\t\t<div class=\"elementor-widget-wrap\">\n\t\t\t\t\t\t<section class=\"has_eae_slider elementor-section elementor-inner-section elementor-element elementor-element-e677eef elementor-section-full_width elementor-section-height-default elementor-section-height-default\" data-id=\"e677eef\" data-element_type=\"section\">\n\t\t\t\t\t\t<div class=\"elementor-container elementor-column-gap-default\">\n\t\t\t\t\t\t\t<div class=\"elementor-row\">\n\t\t\t\t\t<div class=\"has_eae_slider elementor-column elementor-col-20 elementor-inner-column elementor-element elementor-element-5a5d15c\" data-id=\"5a5d15c\" data-element_type=\"column\">\n\t\t\t<div class=\"elementor-column-wrap elementor-element-populated\">\n\t\t\t\t\t\t\t<div class=\"elementor-widget-wrap\">\n\t\t\t\t\t\t<div class=\"elementor-element elementor-element-c80060e elementor-widget elementor-widget-image\" data-id=\"c80060e\" data-element_type=\"widget\" data-settings=\"{&quot;ekit_we_effect_on&quot;:&quot;none&quot;}\" data-widget_type=\"image.default\">\n\t\t\t\t<div class=\"elementor-widget-container\">\n\t\t\t\t\t<div class=\"elementor-image\">\n\t\t\t\t\t\t\t\t\t\t\t<a href=\"https:\/\/kmtasansor.com\/fr\/slim-pano-kumanda-panosu\/\">\n\t\t\t\t\t\t\t<img loading=\"lazy\" width=\"297\" height=\"296\" src=\"https:\/\/kmtasansor.com\/wp-content\/uploads\/2020\/04\/slimpano.jpg\" class=\"attachment-large size-large\" alt=\"\" decoding=\"async\" srcset=\"https:\/\/kmtasansor.com\/wp-content\/uploads\/2020\/04\/slimpano.jpg 297w, https:\/\/kmtasansor.com\/wp-content\/uploads\/2020\/04\/slimpano-150x150.jpg 150w\" sizes=\"(max-width: 297px) 100vw, 297px\" \/>\t\t\t\t\t\t\t\t<\/a>\n\t\t\t\t\t\t\t\t\t\t\t<\/div>\n\t\t\t\t<\/div>\n\t\t\t\t<\/div>\n\t\t\t\t<div class=\"elementor-element elementor-element-5244618 elementor-widget elementor-widget-heading\" data-id=\"5244618\" data-element_type=\"widget\" data-settings=\"{&quot;ekit_we_effect_on&quot;:&quot;none&quot;}\" data-widget_type=\"heading.default\">\n\t\t\t\t<div class=\"elementor-widget-container\">\n\t\t\t<h2 class=\"elementor-heading-title elementor-size-default\"><a href=\"https:\/\/kmtasansor.com\/fr\/slim-pano-kumanda-panosu\/\">Slim Pano<\/a><\/h2>\t\t<\/div>\n\t\t\t\t<\/div>\n\t\t\t\t\t\t<\/div>\n\t\t\t\t\t<\/div>\n\t\t<\/div>\n\t\t\t\t<div class=\"has_eae_slider elementor-column elementor-col-20 elementor-inner-column elementor-element elementor-element-45960fb\" data-id=\"45960fb\" data-element_type=\"column\">\n\t\t\t<div class=\"elementor-column-wrap elementor-element-populated\">\n\t\t\t\t\t\t\t<div class=\"elementor-widget-wrap\">\n\t\t\t\t\t\t<div class=\"elementor-element elementor-element-da084b9 elementor-widget elementor-widget-image\" data-id=\"da084b9\" data-element_type=\"widget\" data-settings=\"{&quot;ekit_we_effect_on&quot;:&quot;none&quot;}\" data-widget_type=\"image.default\">\n\t\t\t\t<div class=\"elementor-widget-container\">\n\t\t\t\t\t<div class=\"elementor-image\">\n\t\t\t\t\t\t\t\t\t\t\t<a href=\"https:\/\/kmtasansor.com\/fr\/mrl-senkron-asenkron\/\">\n\t\t\t\t\t\t\t<img loading=\"lazy\" width=\"297\" height=\"296\" src=\"https:\/\/kmtasansor.com\/wp-content\/uploads\/2020\/04\/MRL-Senkron-Asenkron.jpg\" class=\"attachment-large size-large\" alt=\"\" decoding=\"async\" srcset=\"https:\/\/kmtasansor.com\/wp-content\/uploads\/2020\/04\/MRL-Senkron-Asenkron.jpg 297w, https:\/\/kmtasansor.com\/wp-content\/uploads\/2020\/04\/MRL-Senkron-Asenkron-150x150.jpg 150w\" sizes=\"(max-width: 297px) 100vw, 297px\" \/>\t\t\t\t\t\t\t\t<\/a>\n\t\t\t\t\t\t\t\t\t\t\t<\/div>\n\t\t\t\t<\/div>\n\t\t\t\t<\/div>\n\t\t\t\t<div class=\"elementor-element elementor-element-a48ad87 elementor-widget elementor-widget-heading\" data-id=\"a48ad87\" data-element_type=\"widget\" data-settings=\"{&quot;ekit_we_effect_on&quot;:&quot;none&quot;}\" data-widget_type=\"heading.default\">\n\t\t\t\t<div class=\"elementor-widget-container\">\n\t\t\t<h2 class=\"elementor-heading-title elementor-size-default\"><a href=\"https:\/\/kmtasansor.com\/fr\/mrl-senkron-asenkron\/\">MRL Senkron - Asenkron\n<\/a><\/h2>\t\t<\/div>\n\t\t\t\t<\/div>\n\t\t\t\t\t\t<\/div>\n\t\t\t\t\t<\/div>\n\t\t<\/div>\n\t\t\t\t<div class=\"has_eae_slider elementor-column elementor-col-20 elementor-inner-column elementor-element elementor-element-fdd0ab0\" data-id=\"fdd0ab0\" data-element_type=\"column\">\n\t\t\t<div class=\"elementor-column-wrap elementor-element-populated\">\n\t\t\t\t\t\t\t<div class=\"elementor-widget-wrap\">\n\t\t\t\t\t\t<div class=\"elementor-element elementor-element-56eca61 elementor-widget elementor-widget-image\" data-id=\"56eca61\" data-element_type=\"widget\" data-settings=\"{&quot;ekit_we_effect_on&quot;:&quot;none&quot;}\" data-widget_type=\"image.default\">\n\t\t\t\t<div class=\"elementor-widget-container\">\n\t\t\t\t\t<div class=\"elementor-image\">\n\t\t\t\t\t\t\t\t\t\t\t<a href=\"https:\/\/kmtasansor.com\/fr\/mr-senkron-asenkron\/\">\n\t\t\t\t\t\t\t<img loading=\"lazy\" width=\"297\" height=\"296\" src=\"https:\/\/kmtasansor.com\/wp-content\/uploads\/2020\/04\/MR-Senkron-Asenkron.jpg\" class=\"attachment-large size-large\" alt=\"\" decoding=\"async\" srcset=\"https:\/\/kmtasansor.com\/wp-content\/uploads\/2020\/04\/MR-Senkron-Asenkron.jpg 297w, https:\/\/kmtasansor.com\/wp-content\/uploads\/2020\/04\/MR-Senkron-Asenkron-150x150.jpg 150w\" sizes=\"(max-width: 297px) 100vw, 297px\" \/>\t\t\t\t\t\t\t\t<\/a>\n\t\t\t\t\t\t\t\t\t\t\t<\/div>\n\t\t\t\t<\/div>\n\t\t\t\t<\/div>\n\t\t\t\t<div class=\"elementor-element elementor-element-f74d16b elementor-widget elementor-widget-heading\" data-id=\"f74d16b\" data-element_type=\"widget\" data-settings=\"{&quot;ekit_we_effect_on&quot;:&quot;none&quot;}\" data-widget_type=\"heading.default\">\n\t\t\t\t<div class=\"elementor-widget-container\">\n\t\t\t<h2 class=\"elementor-heading-title elementor-size-default\"><a href=\"https:\/\/kmtasansor.com\/fr\/mr-senkron-asenkron\/\">MR Senkron - Asenkron\n<\/a><\/h2>\t\t<\/div>\n\t\t\t\t<\/div>\n\t\t\t\t\t\t<\/div>\n\t\t\t\t\t<\/div>\n\t\t<\/div>\n\t\t\t\t<div class=\"has_eae_slider elementor-column elementor-col-20 elementor-inner-column elementor-element elementor-element-517be7e\" data-id=\"517be7e\" data-element_type=\"column\">\n\t\t\t<div class=\"elementor-column-wrap elementor-element-populated\">\n\t\t\t\t\t\t\t<div class=\"elementor-widget-wrap\">\n\t\t\t\t\t\t<div class=\"elementor-element elementor-element-dd01451 elementor-widget elementor-widget-image\" data-id=\"dd01451\" data-element_type=\"widget\" data-settings=\"{&quot;ekit_we_effect_on&quot;:&quot;none&quot;}\" data-widget_type=\"image.default\">\n\t\t\t\t<div class=\"elementor-widget-container\">\n\t\t\t\t\t<div class=\"elementor-image\">\n\t\t\t\t\t\t\t\t\t\t\t<a href=\"https:\/\/kmtasansor.com\/fr\/mr-mrl-kabin-ustu-revizyon-seti\/\">\n\t\t\t\t\t\t\t<img loading=\"lazy\" width=\"297\" height=\"296\" src=\"https:\/\/kmtasansor.com\/wp-content\/uploads\/2020\/04\/MR-MRL-Kabin-U\u0308stu\u0308-Revizyon-Seti.jpg\" class=\"attachment-large size-large\" alt=\"\" decoding=\"async\" srcset=\"https:\/\/kmtasansor.com\/wp-content\/uploads\/2020\/04\/MR-MRL-Kabin-U\u0308stu\u0308-Revizyon-Seti.jpg 297w, https:\/\/kmtasansor.com\/wp-content\/uploads\/2020\/04\/MR-MRL-Kabin-U\u0308stu\u0308-Revizyon-Seti-150x150.jpg 150w\" sizes=\"(max-width: 297px) 100vw, 297px\" \/>\t\t\t\t\t\t\t\t<\/a>\n\t\t\t\t\t\t\t\t\t\t\t<\/div>\n\t\t\t\t<\/div>\n\t\t\t\t<\/div>\n\t\t\t\t<div class=\"elementor-element elementor-element-40e7813 elementor-widget elementor-widget-heading\" data-id=\"40e7813\" data-element_type=\"widget\" data-settings=\"{&quot;ekit_we_effect_on&quot;:&quot;none&quot;}\" data-widget_type=\"heading.default\">\n\t\t\t\t<div class=\"elementor-widget-container\">\n\t\t\t<h2 class=\"elementor-heading-title elementor-size-default\"><a href=\"https:\/\/kmtasansor.com\/fr\/mr-mrl-kabin-ustu-revizyon-seti\/\">MR - MRL\nKabin \u00dcst\u00fc Revizyon Seti\n<\/a><\/h2>\t\t<\/div>\n\t\t\t\t<\/div>\n\t\t\t\t\t\t<\/div>\n\t\t\t\t\t<\/div>\n\t\t<\/div>\n\t\t\t\t<div class=\"has_eae_slider elementor-column elementor-col-20 elementor-inner-column elementor-element elementor-element-174a831\" data-id=\"174a831\" data-element_type=\"column\">\n\t\t\t<div class=\"elementor-column-wrap elementor-element-populated\">\n\t\t\t\t\t\t\t<div class=\"elementor-widget-wrap\">\n\t\t\t\t\t\t<div class=\"elementor-element elementor-element-464d9e2 elementor-widget elementor-widget-image\" data-id=\"464d9e2\" data-element_type=\"widget\" data-settings=\"{&quot;ekit_we_effect_on&quot;:&quot;none&quot;}\" data-widget_type=\"image.default\">\n\t\t\t\t<div class=\"elementor-widget-container\">\n\t\t\t\t\t<div class=\"elementor-image\">\n\t\t\t\t\t\t\t\t\t\t\t<a href=\"https:\/\/kmtasansor.com\/fr\/cift-hizli-arl200\/\">\n\t\t\t\t\t\t\t<img loading=\"lazy\" width=\"297\" height=\"296\" src=\"https:\/\/kmtasansor.com\/wp-content\/uploads\/2020\/04\/C\u0327ift-H\u0131zl\u0131-ARL200.jpg\" class=\"attachment-large size-large\" alt=\"\" decoding=\"async\" srcset=\"https:\/\/kmtasansor.com\/wp-content\/uploads\/2020\/04\/C\u0327ift-H\u0131zl\u0131-ARL200.jpg 297w, https:\/\/kmtasansor.com\/wp-content\/uploads\/2020\/04\/C\u0327ift-H\u0131zl\u0131-ARL200-150x150.jpg 150w\" sizes=\"(max-width: 297px) 100vw, 297px\" \/>\t\t\t\t\t\t\t\t<\/a>\n\t\t\t\t\t\t\t\t\t\t\t<\/div>\n\t\t\t\t<\/div>\n\t\t\t\t<\/div>\n\t\t\t\t<div class=\"elementor-element elementor-element-f392514 elementor-widget elementor-widget-heading\" data-id=\"f392514\" data-element_type=\"widget\" data-settings=\"{&quot;ekit_we_effect_on&quot;:&quot;none&quot;}\" data-widget_type=\"heading.default\">\n\t\t\t\t<div class=\"elementor-widget-container\">\n\t\t\t<h2 class=\"elementor-heading-title elementor-size-default\"><a href=\"https:\/\/kmtasansor.com\/fr\/cift-hizli-arl200\/\">\u00c7ift H\u0131zl\u0131 ARL200<\/a><\/h2>\t\t<\/div>\n\t\t\t\t<\/div>\n\t\t\t\t\t\t<\/div>\n\t\t\t\t\t<\/div>\n\t\t<\/div>\n\t\t\t\t\t\t\t\t<\/div>\n\t\t\t\t\t<\/div>\n\t\t<\/section>\n\t\t\t\t<section class=\"has_eae_slider elementor-section elementor-inner-section elementor-element elementor-element-41d53cb elementor-section-full_width elementor-section-height-default elementor-section-height-default\" data-id=\"41d53cb\" data-element_type=\"section\">\n\t\t\t\t\t\t<div class=\"elementor-container elementor-column-gap-default\">\n\t\t\t\t\t\t\t<div class=\"elementor-row\">\n\t\t\t\t\t<div class=\"has_eae_slider elementor-column elementor-col-20 elementor-inner-column elementor-element elementor-element-32c15e0\" data-id=\"32c15e0\" data-element_type=\"column\">\n\t\t\t<div class=\"elementor-column-wrap elementor-element-populated\">\n\t\t\t\t\t\t\t<div class=\"elementor-widget-wrap\">\n\t\t\t\t\t\t<div class=\"elementor-element elementor-element-85057de elementor-widget elementor-widget-image\" data-id=\"85057de\" data-element_type=\"widget\" data-settings=\"{&quot;ekit_we_effect_on&quot;:&quot;none&quot;}\" data-widget_type=\"image.default\">\n\t\t\t\t<div class=\"elementor-widget-container\">\n\t\t\t\t\t<div class=\"elementor-image\">\n\t\t\t\t\t\t\t\t\t\t\t<a href=\"https:\/\/kmtasansor.com\/fr\/arl200-kabin-ustu-revizyon-seti\/\">\n\t\t\t\t\t\t\t<img loading=\"lazy\" width=\"297\" height=\"296\" src=\"https:\/\/kmtasansor.com\/wp-content\/uploads\/2020\/04\/ARL-200.jpg\" class=\"attachment-large size-large\" alt=\"\" decoding=\"async\" srcset=\"https:\/\/kmtasansor.com\/wp-content\/uploads\/2020\/04\/ARL-200.jpg 297w, https:\/\/kmtasansor.com\/wp-content\/uploads\/2020\/04\/ARL-200-150x150.jpg 150w\" sizes=\"(max-width: 297px) 100vw, 297px\" \/>\t\t\t\t\t\t\t\t<\/a>\n\t\t\t\t\t\t\t\t\t\t\t<\/div>\n\t\t\t\t<\/div>\n\t\t\t\t<\/div>\n\t\t\t\t<div class=\"elementor-element elementor-element-6fb03bb elementor-widget elementor-widget-heading\" data-id=\"6fb03bb\" data-element_type=\"widget\" data-settings=\"{&quot;ekit_we_effect_on&quot;:&quot;none&quot;}\" data-widget_type=\"heading.default\">\n\t\t\t\t<div class=\"elementor-widget-container\">\n\t\t\t<h2 class=\"elementor-heading-title elementor-size-default\"><a href=\"https:\/\/kmtasansor.com\/fr\/arl200-kabin-ustu-revizyon-seti\/\">ARL 200\n<\/a><\/h2>\t\t<\/div>\n\t\t\t\t<\/div>\n\t\t\t\t\t\t<\/div>\n\t\t\t\t\t<\/div>\n\t\t<\/div>\n\t\t\t\t<div class=\"has_eae_slider elementor-column elementor-col-20 elementor-inner-column elementor-element elementor-element-cd36964\" data-id=\"cd36964\" data-element_type=\"column\">\n\t\t\t<div class=\"elementor-column-wrap\">\n\t\t\t\t\t\t\t<div class=\"elementor-widget-wrap\">\n\t\t\t\t\t\t\t\t<\/div>\n\t\t\t\t\t<\/div>\n\t\t<\/div>\n\t\t\t\t<div class=\"has_eae_slider elementor-column elementor-col-20 elementor-inner-column elementor-element elementor-element-b0804fa\" data-id=\"b0804fa\" data-element_type=\"column\">\n\t\t\t<div class=\"elementor-column-wrap\">\n\t\t\t\t\t\t\t<div class=\"elementor-widget-wrap\">\n\t\t\t\t\t\t\t\t<\/div>\n\t\t\t\t\t<\/div>\n\t\t<\/div>\n\t\t\t\t<div class=\"has_eae_slider elementor-column elementor-col-20 elementor-inner-column elementor-element elementor-element-bb456c9\" data-id=\"bb456c9\" data-element_type=\"column\">\n\t\t\t<div class=\"elementor-column-wrap\">\n\t\t\t\t\t\t\t<div class=\"elementor-widget-wrap\">\n\t\t\t\t\t\t\t\t<\/div>\n\t\t\t\t\t<\/div>\n\t\t<\/div>\n\t\t\t\t<div class=\"has_eae_slider elementor-column elementor-col-20 elementor-inner-column elementor-element elementor-element-1bde162\" data-id=\"1bde162\" data-element_type=\"column\">\n\t\t\t<div class=\"elementor-column-wrap\">\n\t\t\t\t\t\t\t<div class=\"elementor-widget-wrap\">\n\t\t\t\t\t\t\t\t<\/div>\n\t\t\t\t\t<\/div>\n\t\t<\/div>\n\t\t\t\t\t\t\t\t<\/div>\n\t\t\t\t\t<\/div>\n\t\t<\/section>\n\t\t\t\t\t\t<\/div>\n\t\t\t\t\t<\/div>\n\t\t<\/div>\n\t\t\t\t\t\t\t\t<\/div>\n\t\t\t\t\t<\/div>\n\t\t<\/section>\n\t\t\t\t\t\t<\/div>\n\t\t\t\t\t\t<\/div>\n\t\t\t\t\t<\/div>","protected":false},"excerpt":{"rendered":"<p>KUMANDA PANOLARI Slim Pano MRL Senkron &#8211; Asenkron MR Senkron &#8211; Asenkron MR &#8211; MRL Kabin \u00dcst\u00fc Revizyon Seti \u00c7ift H\u0131zl\u0131 ARL200 ARL 200<\/p>","protected":false},"author":3,"featured_media":0,"parent":0,"menu_order":0,"comment_status":"closed","ping_status":"closed","template":"elementor_header_footer","meta":{"footnotes":""},"_links":{"self":[{"href":"https:\/\/kmtasansor.com\/fr\/wp-json\/wp\/v2\/pages\/3433"}],"collection":[{"href":"https:\/\/kmtasansor.com\/fr\/wp-json\/wp\/v2\/pages"}],"about":[{"href":"https:\/\/kmtasansor.com\/fr\/wp-json\/wp\/v2\/types\/page"}],"author":[{"embeddable":true,"href":"https:\/\/kmtasansor.com\/fr\/wp-json\/wp\/v2\/users\/3"}],"replies":[{"embeddable":true,"href":"https:\/\/kmtasansor.com\/fr\/wp-json\/wp\/v2\/comments?post=3433"}],"version-history":[{"count":0,"href":"https:\/\/kmtasansor.com\/fr\/wp-json\/wp\/v2\/pages\/3433\/revisions"}],"wp:attachment":[{"href":"https:\/\/kmtasansor.com\/fr\/wp-json\/wp\/v2\/media?parent=3433"}],"curies":[{"name":"wp","href":"https:\/\/api.w.org\/{rel}","templated":true}]}}