{"id":3357,"date":"2020-04-13T16:17:08","date_gmt":"2020-04-13T16:17:08","guid":{"rendered":"https:\/\/aterya.tam.net.tr\/?page_id=3357"},"modified":"2020-04-13T16:18:00","modified_gmt":"2020-04-13T16:18:00","slug":"kabin-kapilari-2","status":"publish","type":"page","link":"https:\/\/kmtasansor.com\/fr\/kabin-kapilari-2\/","title":{"rendered":"Portes  \u00e0 paneaux ( Portes de cabine)"},"content":{"rendered":"<div data-elementor-type=\"wp-page\" data-elementor-id=\"3357\" class=\"elementor elementor-3357\" data-elementor-settings=\"[]\">\n\t\t\t\t\t\t<div class=\"elementor-inner\">\n\t\t\t\t\t\t\t<div class=\"elementor-section-wrap\">\n\t\t\t\t\t\t\t<section class=\"has_eae_slider elementor-section elementor-top-section elementor-element elementor-element-de7e67c elementor-section-boxed elementor-section-height-default elementor-section-height-default\" data-id=\"de7e67c\" data-element_type=\"section\" data-settings=\"{&quot;background_background&quot;:&quot;classic&quot;,&quot;ekit_section_parallax_bg_speed&quot;:0.6,&quot;ekit_section_parallax_bg&quot;:&quot;yes&quot;}\">\n\t\t\t\t\t\t<div class=\"elementor-container elementor-column-gap-default\">\n\t\t\t\t\t\t\t<div class=\"elementor-row\">\n\t\t\t\t\t<div class=\"has_eae_slider elementor-column elementor-col-100 elementor-top-column elementor-element elementor-element-f74d1b9\" data-id=\"f74d1b9\" data-element_type=\"column\">\n\t\t\t<div class=\"elementor-column-wrap elementor-element-populated\">\n\t\t\t\t\t\t\t<div class=\"elementor-widget-wrap\">\n\t\t\t\t\t\t<div class=\"elementor-element elementor-element-92e3957 elementor-widget elementor-widget-elementskit-heading\" data-id=\"92e3957\" data-element_type=\"widget\" data-settings=\"{&quot;ekit_we_effect_on&quot;:&quot;none&quot;}\" data-widget_type=\"elementskit-heading.default\">\n\t\t\t\t<div class=\"elementor-widget-container\">\n\t\t\t<div class=\"ekit-wid-con\" ><div class=\"elementskit-section-title-wraper text_center   ekit_heading_tablet-   ekit_heading_mobile-\"><h2 class=\"elementskit-section-title\">\n\t\t\t\t\tKAB\u0130N KAPILARI\n\t\t\t\t<\/h2><\/div><\/div>\t\t<\/div>\n\t\t\t\t<\/div>\n\t\t\t\t\t\t<\/div>\n\t\t\t\t\t<\/div>\n\t\t<\/div>\n\t\t\t\t\t\t\t\t<\/div>\n\t\t\t\t\t<\/div>\n\t\t<\/section>\n\t\t\t\t<section class=\"has_eae_slider elementor-section elementor-top-section elementor-element elementor-element-c9f158e elementor-section-full_width elementor-section-height-default elementor-section-height-default\" data-id=\"c9f158e\" data-element_type=\"section\" data-settings=\"{&quot;background_background&quot;:&quot;classic&quot;,&quot;ekit_section_parallax_bg_speed&quot;:0.6,&quot;ekit_section_parallax_bg&quot;:&quot;yes&quot;}\">\n\t\t\t\t\t\t<div class=\"elementor-container elementor-column-gap-default\">\n\t\t\t\t\t\t\t<div class=\"elementor-row\">\n\t\t\t\t\t<div class=\"has_eae_slider elementor-column elementor-col-100 elementor-top-column elementor-element elementor-element-d15bdba\" data-id=\"d15bdba\" data-element_type=\"column\">\n\t\t\t<div class=\"elementor-column-wrap elementor-element-populated\">\n\t\t\t\t\t\t\t<div class=\"elementor-widget-wrap\">\n\t\t\t\t\t\t<div class=\"elementor-element elementor-element-15619ec elementor-widget elementor-widget-wp-widget-bcn_widget\" data-id=\"15619ec\" data-element_type=\"widget\" data-settings=\"{&quot;ekit_we_effect_on&quot;:&quot;none&quot;}\" data-widget_type=\"wp-widget-bcn_widget.default\">\n\t\t\t\t<div class=\"elementor-widget-container\">\n\t\t\t<div class=\"breadcrumbs\" vocab=\"https:\/\/schema.org\/\" typeof=\"BreadcrumbList\"><!-- Breadcrumb NavXT 6.4.0 -->\n<span property=\"itemListElement\" typeof=\"ListItem\"><a property=\"item\" typeof=\"WebPage\" title=\"Go to Aterya Asans\u00f6r | Kap\u0131 | Kabin | Komple Asans\u00f6r Sistemleri | Aterya Elevator.\" href=\"https:\/\/kmtasansor.com\/fr\/\" class=\"home\" aria-current=\"page\"><span property=\"name\">ACCUEIL<\/span><\/a><meta property=\"position\" content=\"1\"><\/span><\/div>\t\t<\/div>\n\t\t\t\t<\/div>\n\t\t\t\t\t\t<\/div>\n\t\t\t\t\t<\/div>\n\t\t<\/div>\n\t\t\t\t\t\t\t\t<\/div>\n\t\t\t\t\t<\/div>\n\t\t<\/section>\n\t\t\t\t<section class=\"has_eae_slider elementor-section elementor-top-section elementor-element elementor-element-63cd373 elementor-section-full_width elementor-section-height-default elementor-section-height-default\" data-id=\"63cd373\" data-element_type=\"section\">\n\t\t\t\t\t\t<div class=\"elementor-container elementor-column-gap-default\">\n\t\t\t\t\t\t\t<div class=\"elementor-row\">\n\t\t\t\t\t<div class=\"has_eae_slider elementor-column elementor-col-50 elementor-top-column elementor-element elementor-element-c7e26a9\" data-id=\"c7e26a9\" data-element_type=\"column\">\n\t\t\t<div class=\"elementor-column-wrap elementor-element-populated\">\n\t\t\t\t\t\t\t<div class=\"elementor-widget-wrap\">\n\t\t\t\t\t\t<div class=\"elementor-element elementor-element-aaab58c elementor-widget elementor-widget-elementskit-page-list\" data-id=\"aaab58c\" data-element_type=\"widget\" data-settings=\"{&quot;ekit_we_effect_on&quot;:&quot;none&quot;}\" data-widget_type=\"elementskit-page-list.default\">\n\t\t\t\t<div class=\"elementor-widget-container\">\n\t\t\t<div class=\"ekit-wid-con\" >\t\t<div class=\"elementor-icon-list-items\">\n\t\t\t\t\t\t\t<div class=\"elementor-icon-list-item\" >\n\t\t\t\t\t<a  target=_blank rel=\"\"  href=\"https:\/\/kmtasansor.com\/fr\/kat-kapilari\/2-panel-teleskopik-kat-kapisi\/\" class=\"elementor-repeater-item-964dd24\">\n\t\t\t\t\t\t<div class=\"ekit_page_list_content\">\n\t\t\t\t\t\t\t\t\t\t\t\t\t\t<span class=\"elementor-icon-list-text\">\n\t\t\t\t\t\t\t\t<span class=\"ekit_page_list_title_title\">2 Porte pali\u00e8re t\u00e9lescopique \u00e0 panneaux<\/span>\n\t\t\t\t\t\t\t\t\t\t\t\t\t\t\t<\/span>\n\t\t\t\t\t\t<\/div>\n\t\t\t\t\t\t\t\t\t\t\t<\/a>\n\t\t\t\t<\/div>\n\t\t\t\t\t\t\t\t<div class=\"elementor-icon-list-item\" >\n\t\t\t\t\t<a  target=_blank rel=\"\"  href=\"https:\/\/kmtasansor.com\/fr\/kat-kapilari\/3-panel-teleskopik-kat-kapisi\/\" class=\"elementor-repeater-item-62257b9\">\n\t\t\t\t\t\t<div class=\"ekit_page_list_content\">\n\t\t\t\t\t\t\t\t\t\t\t\t\t\t<span class=\"elementor-icon-list-text\">\n\t\t\t\t\t\t\t\t<span class=\"ekit_page_list_title_title\">3 Porte pali\u00e8re t\u00e9lescopique \u00e0 panneaux<\/span>\n\t\t\t\t\t\t\t\t\t\t\t\t\t\t\t<\/span>\n\t\t\t\t\t\t<\/div>\n\t\t\t\t\t\t\t\t\t\t\t<\/a>\n\t\t\t\t<\/div>\n\t\t\t\t\t\t\t\t<div class=\"elementor-icon-list-item\" >\n\t\t\t\t\t<a  target=_blank rel=\"\"  href=\"https:\/\/kmtasansor.com\/fr\/kat-kapilari\/2-panel-merkezi-kat-kapisi\/\" class=\"elementor-repeater-item-7cdc987\">\n\t\t\t\t\t\t<div class=\"ekit_page_list_content\">\n\t\t\t\t\t\t\t\t\t\t\t\t\t\t<span class=\"elementor-icon-list-text\">\n\t\t\t\t\t\t\t\t<span class=\"ekit_page_list_title_title\">2 Porte pali\u00e8re centrale<\/span>\n\t\t\t\t\t\t\t\t\t\t\t\t\t\t\t<\/span>\n\t\t\t\t\t\t<\/div>\n\t\t\t\t\t\t\t\t\t\t\t<\/a>\n\t\t\t\t<\/div>\n\t\t\t\t\t\t\t\t<div class=\"elementor-icon-list-item\" >\n\t\t\t\t\t<a  target=_blank rel=\"\"  href=\"https:\/\/kmtasansor.com\/fr\/kat-kapilari\/4-panel-merkezi-kat-kapisi\/\" class=\"elementor-repeater-item-4ba23f9\">\n\t\t\t\t\t\t<div class=\"ekit_page_list_content\">\n\t\t\t\t\t\t\t\t\t\t\t\t\t\t<span class=\"elementor-icon-list-text\">\n\t\t\t\t\t\t\t\t<span class=\"ekit_page_list_title_title\">4 Porte pali\u00e8re centrale<\/span>\n\t\t\t\t\t\t\t\t\t\t\t\t\t\t\t<\/span>\n\t\t\t\t\t\t<\/div>\n\t\t\t\t\t\t\t\t\t\t\t<\/a>\n\t\t\t\t<\/div>\n\t\t\t\t\t\t\t\t<div class=\"elementor-icon-list-item\" >\n\t\t\t\t\t<a  target=_blank rel=\"\"  href=\"https:\/\/kmtasansor.com\/fr\/kat-kapilari\/6-panel-merkezi-kat-kapisi\/\" class=\"elementor-repeater-item-268ddb8\">\n\t\t\t\t\t\t<div class=\"ekit_page_list_content\">\n\t\t\t\t\t\t\t\t\t\t\t\t\t\t<span class=\"elementor-icon-list-text\">\n\t\t\t\t\t\t\t\t<span class=\"ekit_page_list_title_title\">6 Porte pali\u00e8re centrale<\/span>\n\t\t\t\t\t\t\t\t\t\t\t\t\t\t\t<\/span>\n\t\t\t\t\t\t<\/div>\n\t\t\t\t\t\t\t\t\t\t\t<\/a>\n\t\t\t\t<\/div>\n\t\t\t\t\t\t<\/div>\n\t\t<\/div>\t\t<\/div>\n\t\t\t\t<\/div>\n\t\t\t\t\t\t<\/div>\n\t\t\t\t\t<\/div>\n\t\t<\/div>\n\t\t\t\t<div class=\"has_eae_slider elementor-column elementor-col-50 elementor-top-column elementor-element elementor-element-01fcf79\" data-id=\"01fcf79\" data-element_type=\"column\">\n\t\t\t<div class=\"elementor-column-wrap elementor-element-populated\">\n\t\t\t\t\t\t\t<div class=\"elementor-widget-wrap\">\n\t\t\t\t\t\t<div class=\"elementor-element elementor-element-108b077 gallery-spacing-custom deneme elementor-widget elementor-widget-image-gallery\" data-id=\"108b077\" data-element_type=\"widget\" data-settings=\"{&quot;ekit_we_effect_on&quot;:&quot;none&quot;}\" data-widget_type=\"image-gallery.default\">\n\t\t\t\t<div class=\"elementor-widget-container\">\n\t\t\t\t\t<div class=\"elementor-image-gallery\">\n\t\t\t<div id='gallery-1' class='gallery galleryid-3357 gallery-columns-3 gallery-size-full'><figure class='gallery-item'>\n\t\t\t<div class='gallery-icon landscape'>\n\t\t\t\t<a data-elementor-open-lightbox=\"yes\" data-elementor-lightbox-slideshow=\"108b077\" href='https:\/\/kmtasansor.com\/wp-content\/uploads\/2019\/03\/2-Panel-Teleskopik-kat-kapisi-2-1.jpg'><img width=\"1024\" height=\"1024\" src=\"https:\/\/kmtasansor.com\/wp-content\/uploads\/2019\/03\/2-Panel-Teleskopik-kat-kapisi-2-1.jpg\" class=\"attachment-full size-full\" alt=\"\" decoding=\"async\" aria-describedby=\"gallery-1-3004\" loading=\"lazy\" srcset=\"https:\/\/kmtasansor.com\/wp-content\/uploads\/2019\/03\/2-Panel-Teleskopik-kat-kapisi-2-1.jpg 1024w, https:\/\/kmtasansor.com\/wp-content\/uploads\/2019\/03\/2-Panel-Teleskopik-kat-kapisi-2-1-300x300.jpg 300w, https:\/\/kmtasansor.com\/wp-content\/uploads\/2019\/03\/2-Panel-Teleskopik-kat-kapisi-2-1-150x150.jpg 150w, https:\/\/kmtasansor.com\/wp-content\/uploads\/2019\/03\/2-Panel-Teleskopik-kat-kapisi-2-1-768x768.jpg 768w\" sizes=\"(max-width: 1024px) 100vw, 1024px\" \/><\/a>\n\t\t\t<\/div>\n\t\t\t\t<figcaption class='wp-caption-text gallery-caption' id='gallery-1-3004'>\n\t\t\t\t2 Panel Teleskopik\nKat Kap\u0131s\u0131\n\t\t\t\t<\/figcaption><\/figure><figure class='gallery-item'>\n\t\t\t<div class='gallery-icon landscape'>\n\t\t\t\t<a data-elementor-open-lightbox=\"yes\" data-elementor-lightbox-slideshow=\"108b077\" href='https:\/\/kmtasansor.com\/wp-content\/uploads\/2019\/03\/3-Panel-Teleskopik-kat-kapisi-2.jpg'><img width=\"1024\" height=\"1024\" src=\"https:\/\/kmtasansor.com\/wp-content\/uploads\/2019\/03\/3-Panel-Teleskopik-kat-kapisi-2.jpg\" class=\"attachment-full size-full\" alt=\"\" decoding=\"async\" aria-describedby=\"gallery-1-3010\" loading=\"lazy\" srcset=\"https:\/\/kmtasansor.com\/wp-content\/uploads\/2019\/03\/3-Panel-Teleskopik-kat-kapisi-2.jpg 1024w, https:\/\/kmtasansor.com\/wp-content\/uploads\/2019\/03\/3-Panel-Teleskopik-kat-kapisi-2-300x300.jpg 300w, https:\/\/kmtasansor.com\/wp-content\/uploads\/2019\/03\/3-Panel-Teleskopik-kat-kapisi-2-150x150.jpg 150w, https:\/\/kmtasansor.com\/wp-content\/uploads\/2019\/03\/3-Panel-Teleskopik-kat-kapisi-2-768x768.jpg 768w\" sizes=\"(max-width: 1024px) 100vw, 1024px\" \/><\/a>\n\t\t\t<\/div>\n\t\t\t\t<figcaption class='wp-caption-text gallery-caption' id='gallery-1-3010'>\n\t\t\t\t3 Panel Teleskopik\nKat Kap\u0131s\u0131\n\t\t\t\t<\/figcaption><\/figure><figure class='gallery-item'>\n\t\t\t<div class='gallery-icon landscape'>\n\t\t\t\t<a data-elementor-open-lightbox=\"yes\" data-elementor-lightbox-slideshow=\"108b077\" href='https:\/\/kmtasansor.com\/wp-content\/uploads\/2019\/03\/2-Panel-Merkezi-kat-kapisi-2.jpg'><img width=\"1024\" height=\"1024\" src=\"https:\/\/kmtasansor.com\/wp-content\/uploads\/2019\/03\/2-Panel-Merkezi-kat-kapisi-2.jpg\" class=\"attachment-full size-full\" alt=\"\" decoding=\"async\" aria-describedby=\"gallery-1-2994\" loading=\"lazy\" srcset=\"https:\/\/kmtasansor.com\/wp-content\/uploads\/2019\/03\/2-Panel-Merkezi-kat-kapisi-2.jpg 1024w, https:\/\/kmtasansor.com\/wp-content\/uploads\/2019\/03\/2-Panel-Merkezi-kat-kapisi-2-300x300.jpg 300w, https:\/\/kmtasansor.com\/wp-content\/uploads\/2019\/03\/2-Panel-Merkezi-kat-kapisi-2-150x150.jpg 150w, https:\/\/kmtasansor.com\/wp-content\/uploads\/2019\/03\/2-Panel-Merkezi-kat-kapisi-2-768x768.jpg 768w\" sizes=\"(max-width: 1024px) 100vw, 1024px\" \/><\/a>\n\t\t\t<\/div>\n\t\t\t\t<figcaption class='wp-caption-text gallery-caption' id='gallery-1-2994'>\n\t\t\t\t2 Porte pali\u00e8re centrale\n\t\t\t\t<\/figcaption><\/figure><figure class='gallery-item'>\n\t\t\t<div class='gallery-icon landscape'>\n\t\t\t\t<a data-elementor-open-lightbox=\"yes\" data-elementor-lightbox-slideshow=\"108b077\" href='https:\/\/kmtasansor.com\/wp-content\/uploads\/2020\/04\/4-Panel-Merkezi-Kat-Kap\u0131s\u0131.jpg'><img width=\"1024\" height=\"1024\" src=\"https:\/\/kmtasansor.com\/wp-content\/uploads\/2020\/04\/4-Panel-Merkezi-Kat-Kap\u0131s\u0131.jpg\" class=\"attachment-full size-full\" alt=\"\" decoding=\"async\" aria-describedby=\"gallery-1-3344\" loading=\"lazy\" srcset=\"https:\/\/kmtasansor.com\/wp-content\/uploads\/2020\/04\/4-Panel-Merkezi-Kat-Kap\u0131s\u0131.jpg 1024w, https:\/\/kmtasansor.com\/wp-content\/uploads\/2020\/04\/4-Panel-Merkezi-Kat-Kap\u0131s\u0131-300x300.jpg 300w, https:\/\/kmtasansor.com\/wp-content\/uploads\/2020\/04\/4-Panel-Merkezi-Kat-Kap\u0131s\u0131-150x150.jpg 150w, https:\/\/kmtasansor.com\/wp-content\/uploads\/2020\/04\/4-Panel-Merkezi-Kat-Kap\u0131s\u0131-768x768.jpg 768w\" sizes=\"(max-width: 1024px) 100vw, 1024px\" \/><\/a>\n\t\t\t<\/div>\n\t\t\t\t<figcaption class='wp-caption-text gallery-caption' id='gallery-1-3344'>\n\t\t\t\t4 Porte pali\u00e8re centrale\n\t\t\t\t<\/figcaption><\/figure><figure class='gallery-item'>\n\t\t\t<div class='gallery-icon landscape'>\n\t\t\t\t<a data-elementor-open-lightbox=\"yes\" data-elementor-lightbox-slideshow=\"108b077\" href='https:\/\/kmtasansor.com\/wp-content\/uploads\/2020\/04\/6-Panel-Merkezi-Kat-Kap\u0131s\u0131.jpg'><img width=\"1024\" height=\"1024\" src=\"https:\/\/kmtasansor.com\/wp-content\/uploads\/2020\/04\/6-Panel-Merkezi-Kat-Kap\u0131s\u0131.jpg\" class=\"attachment-full size-full\" alt=\"\" decoding=\"async\" aria-describedby=\"gallery-1-3345\" loading=\"lazy\" srcset=\"https:\/\/kmtasansor.com\/wp-content\/uploads\/2020\/04\/6-Panel-Merkezi-Kat-Kap\u0131s\u0131.jpg 1024w, https:\/\/kmtasansor.com\/wp-content\/uploads\/2020\/04\/6-Panel-Merkezi-Kat-Kap\u0131s\u0131-300x300.jpg 300w, https:\/\/kmtasansor.com\/wp-content\/uploads\/2020\/04\/6-Panel-Merkezi-Kat-Kap\u0131s\u0131-150x150.jpg 150w, https:\/\/kmtasansor.com\/wp-content\/uploads\/2020\/04\/6-Panel-Merkezi-Kat-Kap\u0131s\u0131-768x768.jpg 768w\" sizes=\"(max-width: 1024px) 100vw, 1024px\" \/><\/a>\n\t\t\t<\/div>\n\t\t\t\t<figcaption class='wp-caption-text gallery-caption' id='gallery-1-3345'>\n\t\t\t\t6 Porte pali\u00e8re centrale\n\t\t\t\t<\/figcaption><\/figure>\n\t\t<\/div>\n\t\t<\/div>\n\t\t\t\t<\/div>\n\t\t\t\t<\/div>\n\t\t\t\t\t\t<\/div>\n\t\t\t\t\t<\/div>\n\t\t<\/div>\n\t\t\t\t\t\t\t\t<\/div>\n\t\t\t\t\t<\/div>\n\t\t<\/section>\n\t\t\t\t\t\t<\/div>\n\t\t\t\t\t\t<\/div>\n\t\t\t\t\t<\/div>","protected":false},"excerpt":{"rendered":"<p>KAB\u0130N KAPILARI 2 Panel Teleskopik Kat Kap\u0131s\u0131 3 Panel Teleskopik Kat Kap\u0131s\u0131 2 Panel Merkezi Kat Kap\u0131s\u0131 4 Panel Merkezi Kat Kap\u0131s\u0131 6 Panel Merkezi Kat Kap\u0131s\u0131 2 Panel Teleskopik Kat Kap\u0131s\u0131 3 Panel Teleskopik Kat Kap\u0131s\u0131 2 Panel Merkezi Kat Kap\u0131s\u0131 4 Panel Merkezi Kat Kap\u0131s\u0131 6 Panel Merkezi Kat Kap\u0131s\u0131<\/p>","protected":false},"author":3,"featured_media":0,"parent":0,"menu_order":0,"comment_status":"closed","ping_status":"closed","template":"elementor_header_footer","meta":{"footnotes":""},"_links":{"self":[{"href":"https:\/\/kmtasansor.com\/fr\/wp-json\/wp\/v2\/pages\/3357"}],"collection":[{"href":"https:\/\/kmtasansor.com\/fr\/wp-json\/wp\/v2\/pages"}],"about":[{"href":"https:\/\/kmtasansor.com\/fr\/wp-json\/wp\/v2\/types\/page"}],"author":[{"embeddable":true,"href":"https:\/\/kmtasansor.com\/fr\/wp-json\/wp\/v2\/users\/3"}],"replies":[{"embeddable":true,"href":"https:\/\/kmtasansor.com\/fr\/wp-json\/wp\/v2\/comments?post=3357"}],"version-history":[{"count":0,"href":"https:\/\/kmtasansor.com\/fr\/wp-json\/wp\/v2\/pages\/3357\/revisions"}],"wp:attachment":[{"href":"https:\/\/kmtasansor.com\/fr\/wp-json\/wp\/v2\/media?parent=3357"}],"curies":[{"name":"wp","href":"https:\/\/api.w.org\/{rel}","templated":true}]}}