{"id":2989,"date":"2020-04-01T22:43:29","date_gmt":"2020-04-01T22:43:29","guid":{"rendered":"https:\/\/aterya.tam.net.tr\/?page_id=2989"},"modified":"2023-04-16T11:28:58","modified_gmt":"2023-04-16T11:28:58","slug":"kabin-kapilari","status":"publish","type":"page","link":"https:\/\/kmtasansor.com\/fr\/kabin-kapilari\/","title":{"rendered":"Portes  \u00e0 paneaux ( Portes de cabine)"},"content":{"rendered":"<div data-elementor-type=\"wp-page\" data-elementor-id=\"2989\" class=\"elementor elementor-2989\" data-elementor-settings=\"[]\">\n\t\t\t\t\t\t<div class=\"elementor-inner\">\n\t\t\t\t\t\t\t<div class=\"elementor-section-wrap\">\n\t\t\t\t\t\t\t<section class=\"has_eae_slider elementor-section elementor-top-section elementor-element elementor-element-eb8e545 elementor-section-boxed elementor-section-height-default elementor-section-height-default\" data-id=\"eb8e545\" data-element_type=\"section\" data-settings=\"{&quot;background_background&quot;:&quot;classic&quot;,&quot;ekit_section_parallax_bg_speed&quot;:0.6,&quot;ekit_section_parallax_bg&quot;:&quot;yes&quot;}\">\n\t\t\t\t\t\t<div class=\"elementor-container elementor-column-gap-default\">\n\t\t\t\t\t\t\t<div class=\"elementor-row\">\n\t\t\t\t\t<div class=\"has_eae_slider elementor-column elementor-col-100 elementor-top-column elementor-element elementor-element-95cc768\" data-id=\"95cc768\" data-element_type=\"column\">\n\t\t\t<div class=\"elementor-column-wrap elementor-element-populated\">\n\t\t\t\t\t\t\t<div class=\"elementor-widget-wrap\">\n\t\t\t\t\t\t<div class=\"elementor-element elementor-element-8cb5b1e elementor-widget elementor-widget-elementskit-heading\" data-id=\"8cb5b1e\" data-element_type=\"widget\" data-settings=\"{&quot;ekit_we_effect_on&quot;:&quot;none&quot;}\" data-widget_type=\"elementskit-heading.default\">\n\t\t\t\t<div class=\"elementor-widget-container\">\n\t\t\t<div class=\"ekit-wid-con\" ><div class=\"elementskit-section-title-wraper text_center   ekit_heading_tablet-   ekit_heading_mobile-\"><h2 class=\"elementskit-section-title\">\n\t\t\t\t\tKAB\u0130N KAPILARI\n\t\t\t\t<\/h2><\/div><\/div>\t\t<\/div>\n\t\t\t\t<\/div>\n\t\t\t\t\t\t<\/div>\n\t\t\t\t\t<\/div>\n\t\t<\/div>\n\t\t\t\t\t\t\t\t<\/div>\n\t\t\t\t\t<\/div>\n\t\t<\/section>\n\t\t\t\t<section class=\"has_eae_slider elementor-section elementor-top-section elementor-element elementor-element-c33d264 elementor-section-full_width elementor-section-height-default elementor-section-height-default\" data-id=\"c33d264\" data-element_type=\"section\" data-settings=\"{&quot;background_background&quot;:&quot;classic&quot;,&quot;ekit_section_parallax_bg_speed&quot;:0.6,&quot;ekit_section_parallax_bg&quot;:&quot;yes&quot;}\">\n\t\t\t\t\t\t<div class=\"elementor-container elementor-column-gap-default\">\n\t\t\t\t\t\t\t<div class=\"elementor-row\">\n\t\t\t\t\t<div class=\"has_eae_slider elementor-column elementor-col-100 elementor-top-column elementor-element elementor-element-09771f4\" data-id=\"09771f4\" data-element_type=\"column\">\n\t\t\t<div class=\"elementor-column-wrap elementor-element-populated\">\n\t\t\t\t\t\t\t<div class=\"elementor-widget-wrap\">\n\t\t\t\t\t\t<div class=\"elementor-element elementor-element-1205bdb elementor-widget elementor-widget-wp-widget-bcn_widget\" data-id=\"1205bdb\" data-element_type=\"widget\" data-settings=\"{&quot;ekit_we_effect_on&quot;:&quot;none&quot;}\" data-widget_type=\"wp-widget-bcn_widget.default\">\n\t\t\t\t<div class=\"elementor-widget-container\">\n\t\t\t<div class=\"breadcrumbs\" vocab=\"https:\/\/schema.org\/\" typeof=\"BreadcrumbList\"><!-- Breadcrumb NavXT 6.4.0 -->\n<span property=\"itemListElement\" typeof=\"ListItem\"><a property=\"item\" typeof=\"WebPage\" title=\"Go to Aterya Asans\u00f6r | Kap\u0131 | Kabin | Komple Asans\u00f6r Sistemleri | Aterya Elevator.\" href=\"https:\/\/kmtasansor.com\/fr\/\" class=\"home\" aria-current=\"page\"><span property=\"name\">ACCUEIL<\/span><\/a><meta property=\"position\" content=\"1\"><\/span><\/div>\t\t<\/div>\n\t\t\t\t<\/div>\n\t\t\t\t\t\t<\/div>\n\t\t\t\t\t<\/div>\n\t\t<\/div>\n\t\t\t\t\t\t\t\t<\/div>\n\t\t\t\t\t<\/div>\n\t\t<\/section>\n\t\t\t\t<section class=\"has_eae_slider elementor-section elementor-top-section elementor-element elementor-element-c07dac6 elementor-section-full_width elementor-section-height-default elementor-section-height-default\" data-id=\"c07dac6\" data-element_type=\"section\">\n\t\t\t\t\t\t<div class=\"elementor-container elementor-column-gap-default\">\n\t\t\t\t\t\t\t<div class=\"elementor-row\">\n\t\t\t\t\t<div class=\"has_eae_slider elementor-column elementor-col-100 elementor-top-column elementor-element elementor-element-5b073f6\" data-id=\"5b073f6\" data-element_type=\"column\">\n\t\t\t<div class=\"elementor-column-wrap elementor-element-populated\">\n\t\t\t\t\t\t\t<div class=\"elementor-widget-wrap\">\n\t\t\t\t\t\t<section class=\"has_eae_slider elementor-section elementor-inner-section elementor-element elementor-element-e677eef elementor-section-full_width elementor-section-height-default elementor-section-height-default\" data-id=\"e677eef\" data-element_type=\"section\">\n\t\t\t\t\t\t<div class=\"elementor-container elementor-column-gap-default\">\n\t\t\t\t\t\t\t<div class=\"elementor-row\">\n\t\t\t\t\t<div class=\"has_eae_slider elementor-column elementor-col-20 elementor-inner-column elementor-element elementor-element-5a5d15c\" data-id=\"5a5d15c\" data-element_type=\"column\">\n\t\t\t<div class=\"elementor-column-wrap elementor-element-populated\">\n\t\t\t\t\t\t\t<div class=\"elementor-widget-wrap\">\n\t\t\t\t\t\t<div class=\"elementor-element elementor-element-c80060e elementor-widget elementor-widget-image\" data-id=\"c80060e\" data-element_type=\"widget\" data-settings=\"{&quot;ekit_we_effect_on&quot;:&quot;none&quot;}\" data-widget_type=\"image.default\">\n\t\t\t\t<div class=\"elementor-widget-container\">\n\t\t\t\t\t<div class=\"elementor-image\">\n\t\t\t\t\t\t\t\t\t\t\t<a href=\"https:\/\/kmtasansor.com\/fr\/kabin-kapilari\/2-panel-teleskopik-kabin-kapisi\/\">\n\t\t\t\t\t\t\t<img loading=\"lazy\" width=\"800\" height=\"800\" src=\"https:\/\/kmtasansor.com\/wp-content\/uploads\/2023\/04\/2-1-1024x1024.jpg\" class=\"attachment-large size-large\" alt=\"\" decoding=\"async\" srcset=\"https:\/\/kmtasansor.com\/wp-content\/uploads\/2023\/04\/2-1.jpg 1024w, https:\/\/kmtasansor.com\/wp-content\/uploads\/2023\/04\/2-1-300x300.jpg 300w, https:\/\/kmtasansor.com\/wp-content\/uploads\/2023\/04\/2-1-150x150.jpg 150w, https:\/\/kmtasansor.com\/wp-content\/uploads\/2023\/04\/2-1-768x768.jpg 768w\" sizes=\"(max-width: 800px) 100vw, 800px\" \/>\t\t\t\t\t\t\t\t<\/a>\n\t\t\t\t\t\t\t\t\t\t\t<\/div>\n\t\t\t\t<\/div>\n\t\t\t\t<\/div>\n\t\t\t\t<div class=\"elementor-element elementor-element-5244618 elementor-widget elementor-widget-heading\" data-id=\"5244618\" data-element_type=\"widget\" data-settings=\"{&quot;ekit_we_effect_on&quot;:&quot;none&quot;}\" data-widget_type=\"heading.default\">\n\t\t\t\t<div class=\"elementor-widget-container\">\n\t\t\t<h2 class=\"elementor-heading-title elementor-size-default\"><a href=\"https:\/\/kmtasansor.com\/fr\/kabin-kapilari\/2-panel-teleskopik-kabin-kapisi\/\">2 Porte de cabine t\u00e9lescopique \u00e0 panneaux<\/a><\/h2>\t\t<\/div>\n\t\t\t\t<\/div>\n\t\t\t\t\t\t<\/div>\n\t\t\t\t\t<\/div>\n\t\t<\/div>\n\t\t\t\t<div class=\"has_eae_slider elementor-column elementor-col-20 elementor-inner-column elementor-element elementor-element-45960fb\" data-id=\"45960fb\" data-element_type=\"column\">\n\t\t\t<div class=\"elementor-column-wrap elementor-element-populated\">\n\t\t\t\t\t\t\t<div class=\"elementor-widget-wrap\">\n\t\t\t\t\t\t<div class=\"elementor-element elementor-element-da084b9 elementor-widget elementor-widget-image\" data-id=\"da084b9\" data-element_type=\"widget\" data-settings=\"{&quot;ekit_we_effect_on&quot;:&quot;none&quot;}\" data-widget_type=\"image.default\">\n\t\t\t\t<div class=\"elementor-widget-container\">\n\t\t\t\t\t<div class=\"elementor-image\">\n\t\t\t\t\t\t\t\t\t\t\t<a href=\"https:\/\/kmtasansor.com\/fr\/kabin-kapilari\/3-panel-teleskopik-kabin-kapisi\/\">\n\t\t\t\t\t\t\t<img loading=\"lazy\" width=\"800\" height=\"800\" src=\"https:\/\/kmtasansor.com\/wp-content\/uploads\/2023\/04\/1-2-1024x1024.jpg\" class=\"attachment-large size-large\" alt=\"\" decoding=\"async\" srcset=\"https:\/\/kmtasansor.com\/wp-content\/uploads\/2023\/04\/1-2.jpg 1024w, https:\/\/kmtasansor.com\/wp-content\/uploads\/2023\/04\/1-2-300x300.jpg 300w, https:\/\/kmtasansor.com\/wp-content\/uploads\/2023\/04\/1-2-150x150.jpg 150w, https:\/\/kmtasansor.com\/wp-content\/uploads\/2023\/04\/1-2-768x768.jpg 768w\" sizes=\"(max-width: 800px) 100vw, 800px\" \/>\t\t\t\t\t\t\t\t<\/a>\n\t\t\t\t\t\t\t\t\t\t\t<\/div>\n\t\t\t\t<\/div>\n\t\t\t\t<\/div>\n\t\t\t\t<div class=\"elementor-element elementor-element-a48ad87 elementor-widget elementor-widget-heading\" data-id=\"a48ad87\" data-element_type=\"widget\" data-settings=\"{&quot;ekit_we_effect_on&quot;:&quot;none&quot;}\" data-widget_type=\"heading.default\">\n\t\t\t\t<div class=\"elementor-widget-container\">\n\t\t\t<h2 class=\"elementor-heading-title elementor-size-default\"><a href=\"https:\/\/kmtasansor.com\/fr\/kabin-kapilari\/3-panel-teleskopik-kabin-kapisi\/\">3 Porte de cabine t\u00e9lescopique \u00e0 panneaux<\/a><\/h2>\t\t<\/div>\n\t\t\t\t<\/div>\n\t\t\t\t\t\t<\/div>\n\t\t\t\t\t<\/div>\n\t\t<\/div>\n\t\t\t\t<div class=\"has_eae_slider elementor-column elementor-col-20 elementor-inner-column elementor-element elementor-element-fdd0ab0\" data-id=\"fdd0ab0\" data-element_type=\"column\">\n\t\t\t<div class=\"elementor-column-wrap elementor-element-populated\">\n\t\t\t\t\t\t\t<div class=\"elementor-widget-wrap\">\n\t\t\t\t\t\t<div class=\"elementor-element elementor-element-56eca61 elementor-widget elementor-widget-image\" data-id=\"56eca61\" data-element_type=\"widget\" data-settings=\"{&quot;ekit_we_effect_on&quot;:&quot;none&quot;}\" data-widget_type=\"image.default\">\n\t\t\t\t<div class=\"elementor-widget-container\">\n\t\t\t\t\t<div class=\"elementor-image\">\n\t\t\t\t\t\t\t\t\t\t\t<a href=\"https:\/\/kmtasansor.com\/fr\/kabin-kapilari\/2-panel-merkezi-kabin-kapisi\/\">\n\t\t\t\t\t\t\t<img loading=\"lazy\" width=\"800\" height=\"800\" src=\"https:\/\/kmtasansor.com\/wp-content\/uploads\/2023\/04\/1-3-1024x1024.jpg\" class=\"attachment-large size-large\" alt=\"\" decoding=\"async\" srcset=\"https:\/\/kmtasansor.com\/wp-content\/uploads\/2023\/04\/1-3.jpg 1024w, https:\/\/kmtasansor.com\/wp-content\/uploads\/2023\/04\/1-3-300x300.jpg 300w, https:\/\/kmtasansor.com\/wp-content\/uploads\/2023\/04\/1-3-150x150.jpg 150w, https:\/\/kmtasansor.com\/wp-content\/uploads\/2023\/04\/1-3-768x768.jpg 768w\" sizes=\"(max-width: 800px) 100vw, 800px\" \/>\t\t\t\t\t\t\t\t<\/a>\n\t\t\t\t\t\t\t\t\t\t\t<\/div>\n\t\t\t\t<\/div>\n\t\t\t\t<\/div>\n\t\t\t\t<div class=\"elementor-element elementor-element-f74d16b elementor-widget elementor-widget-heading\" data-id=\"f74d16b\" data-element_type=\"widget\" data-settings=\"{&quot;ekit_we_effect_on&quot;:&quot;none&quot;}\" data-widget_type=\"heading.default\">\n\t\t\t\t<div class=\"elementor-widget-container\">\n\t\t\t<h2 class=\"elementor-heading-title elementor-size-default\"><a href=\"https:\/\/kmtasansor.com\/fr\/kabin-kapilari\/2-panel-merkezi-kabin-kapisi\/\">2 Cabine centrale \u00e0 panneaux<\/a><\/h2>\t\t<\/div>\n\t\t\t\t<\/div>\n\t\t\t\t\t\t<\/div>\n\t\t\t\t\t<\/div>\n\t\t<\/div>\n\t\t\t\t<div class=\"has_eae_slider elementor-column elementor-col-20 elementor-inner-column elementor-element elementor-element-517be7e\" data-id=\"517be7e\" data-element_type=\"column\">\n\t\t\t<div class=\"elementor-column-wrap elementor-element-populated\">\n\t\t\t\t\t\t\t<div class=\"elementor-widget-wrap\">\n\t\t\t\t\t\t<div class=\"elementor-element elementor-element-dd01451 elementor-widget elementor-widget-image\" data-id=\"dd01451\" data-element_type=\"widget\" data-settings=\"{&quot;ekit_we_effect_on&quot;:&quot;none&quot;}\" data-widget_type=\"image.default\">\n\t\t\t\t<div class=\"elementor-widget-container\">\n\t\t\t\t\t<div class=\"elementor-image\">\n\t\t\t\t\t\t\t\t\t\t\t<a href=\"https:\/\/kmtasansor.com\/fr\/kabin-kapilari\/4-panel-merkezi-kabin-kapisi\/\">\n\t\t\t\t\t\t\t<img loading=\"lazy\" width=\"800\" height=\"800\" src=\"https:\/\/kmtasansor.com\/wp-content\/uploads\/2023\/04\/1-4-1024x1024.jpg\" class=\"attachment-large size-large\" alt=\"\" decoding=\"async\" srcset=\"https:\/\/kmtasansor.com\/wp-content\/uploads\/2023\/04\/1-4.jpg 1024w, https:\/\/kmtasansor.com\/wp-content\/uploads\/2023\/04\/1-4-300x300.jpg 300w, https:\/\/kmtasansor.com\/wp-content\/uploads\/2023\/04\/1-4-150x150.jpg 150w, https:\/\/kmtasansor.com\/wp-content\/uploads\/2023\/04\/1-4-768x768.jpg 768w\" sizes=\"(max-width: 800px) 100vw, 800px\" \/>\t\t\t\t\t\t\t\t<\/a>\n\t\t\t\t\t\t\t\t\t\t\t<\/div>\n\t\t\t\t<\/div>\n\t\t\t\t<\/div>\n\t\t\t\t<div class=\"elementor-element elementor-element-40e7813 elementor-widget elementor-widget-heading\" data-id=\"40e7813\" data-element_type=\"widget\" data-settings=\"{&quot;ekit_we_effect_on&quot;:&quot;none&quot;}\" data-widget_type=\"heading.default\">\n\t\t\t\t<div class=\"elementor-widget-container\">\n\t\t\t<h2 class=\"elementor-heading-title elementor-size-default\"><a href=\"https:\/\/kmtasansor.com\/fr\/kabin-kapilari\/4-panel-merkezi-kabin-kapisi\/\">4 Cabine centrale \u00e0 panneaux<\/a><\/h2>\t\t<\/div>\n\t\t\t\t<\/div>\n\t\t\t\t\t\t<\/div>\n\t\t\t\t\t<\/div>\n\t\t<\/div>\n\t\t\t\t<div class=\"has_eae_slider elementor-column elementor-col-20 elementor-inner-column elementor-element elementor-element-174a831\" data-id=\"174a831\" data-element_type=\"column\">\n\t\t\t<div class=\"elementor-column-wrap elementor-element-populated\">\n\t\t\t\t\t\t\t<div class=\"elementor-widget-wrap\">\n\t\t\t\t\t\t<div class=\"elementor-element elementor-element-464d9e2 elementor-widget elementor-widget-image\" data-id=\"464d9e2\" data-element_type=\"widget\" data-settings=\"{&quot;ekit_we_effect_on&quot;:&quot;none&quot;}\" data-widget_type=\"image.default\">\n\t\t\t\t<div class=\"elementor-widget-container\">\n\t\t\t\t\t<div class=\"elementor-image\">\n\t\t\t\t\t\t\t\t\t\t\t<a href=\"https:\/\/kmtasansor.com\/fr\/kabin-kapilari\/6-panel-merkezi-kabin-kapisi\/\">\n\t\t\t\t\t\t\t<img loading=\"lazy\" width=\"800\" height=\"800\" src=\"https:\/\/kmtasansor.com\/wp-content\/uploads\/2023\/04\/1-5-1024x1024.jpg\" class=\"attachment-large size-large\" alt=\"\" decoding=\"async\" srcset=\"https:\/\/kmtasansor.com\/wp-content\/uploads\/2023\/04\/1-5.jpg 1024w, https:\/\/kmtasansor.com\/wp-content\/uploads\/2023\/04\/1-5-300x300.jpg 300w, https:\/\/kmtasansor.com\/wp-content\/uploads\/2023\/04\/1-5-150x150.jpg 150w, https:\/\/kmtasansor.com\/wp-content\/uploads\/2023\/04\/1-5-768x768.jpg 768w\" sizes=\"(max-width: 800px) 100vw, 800px\" \/>\t\t\t\t\t\t\t\t<\/a>\n\t\t\t\t\t\t\t\t\t\t\t<\/div>\n\t\t\t\t<\/div>\n\t\t\t\t<\/div>\n\t\t\t\t<div class=\"elementor-element elementor-element-f392514 elementor-widget elementor-widget-heading\" data-id=\"f392514\" data-element_type=\"widget\" data-settings=\"{&quot;ekit_we_effect_on&quot;:&quot;none&quot;}\" data-widget_type=\"heading.default\">\n\t\t\t\t<div class=\"elementor-widget-container\">\n\t\t\t<h2 class=\"elementor-heading-title elementor-size-default\"><a href=\"https:\/\/kmtasansor.com\/fr\/kabin-kapilari\/6-panel-merkezi-kabin-kapisi\/\">6 Cabine centrale \u00e0 panneaux<\/a><\/h2>\t\t<\/div>\n\t\t\t\t<\/div>\n\t\t\t\t\t\t<\/div>\n\t\t\t\t\t<\/div>\n\t\t<\/div>\n\t\t\t\t\t\t\t\t<\/div>\n\t\t\t\t\t<\/div>\n\t\t<\/section>\n\t\t\t\t\t\t<\/div>\n\t\t\t\t\t<\/div>\n\t\t<\/div>\n\t\t\t\t\t\t\t\t<\/div>\n\t\t\t\t\t<\/div>\n\t\t<\/section>\n\t\t\t\t\t\t<\/div>\n\t\t\t\t\t\t<\/div>\n\t\t\t\t\t<\/div>","protected":false},"excerpt":{"rendered":"<p>KAB\u0130N KAPILARI 2 Panel Teleskopik Kabin Kap\u0131s\u0131 3 Panel Teleskopik Kabin Kap\u0131s\u0131 2 Panel Merkezi Kabin Kap\u0131s\u0131 4 Panel Merkezi Kabin Kap\u0131s\u0131 6 Panel Merkezi Kabin Kap\u0131s\u0131<\/p>","protected":false},"author":3,"featured_media":0,"parent":0,"menu_order":0,"comment_status":"closed","ping_status":"closed","template":"elementor_header_footer","meta":{"footnotes":""},"_links":{"self":[{"href":"https:\/\/kmtasansor.com\/fr\/wp-json\/wp\/v2\/pages\/2989"}],"collection":[{"href":"https:\/\/kmtasansor.com\/fr\/wp-json\/wp\/v2\/pages"}],"about":[{"href":"https:\/\/kmtasansor.com\/fr\/wp-json\/wp\/v2\/types\/page"}],"author":[{"embeddable":true,"href":"https:\/\/kmtasansor.com\/fr\/wp-json\/wp\/v2\/users\/3"}],"replies":[{"embeddable":true,"href":"https:\/\/kmtasansor.com\/fr\/wp-json\/wp\/v2\/comments?post=2989"}],"version-history":[{"count":0,"href":"https:\/\/kmtasansor.com\/fr\/wp-json\/wp\/v2\/pages\/2989\/revisions"}],"wp:attachment":[{"href":"https:\/\/kmtasansor.com\/fr\/wp-json\/wp\/v2\/media?parent=2989"}],"curies":[{"name":"wp","href":"https:\/\/api.w.org\/{rel}","templated":true}]}}