{"id":2651,"date":"2020-03-24T08:26:50","date_gmt":"2020-03-24T08:26:50","guid":{"rendered":"https:\/\/aterya.tam.net.tr\/?page_id=2651"},"modified":"2023-05-30T17:52:29","modified_gmt":"2023-05-30T17:52:29","slug":"hakkimizda","status":"publish","type":"page","link":"https:\/\/kmtasansor.com\/fr\/hakkimizda\/","title":{"rendered":"\u00c0 propos de l'entreprise"},"content":{"rendered":"<div data-elementor-type=\"wp-post\" data-elementor-id=\"2651\" class=\"elementor elementor-2651\" data-elementor-settings=\"[]\">\n\t\t\t\t\t\t<div class=\"elementor-inner\">\n\t\t\t\t\t\t\t<div class=\"elementor-section-wrap\">\n\t\t\t\t\t\t\t<section class=\"has_eae_slider elementor-section elementor-top-section elementor-element elementor-element-04c56e4 elementor-section-boxed elementor-section-height-default elementor-section-height-default\" data-id=\"04c56e4\" data-element_type=\"section\" data-settings=\"{&quot;background_background&quot;:&quot;classic&quot;,&quot;ekit_section_parallax_bg_speed&quot;:0.6,&quot;ekit_section_parallax_bg&quot;:&quot;yes&quot;}\">\n\t\t\t\t\t\t<div class=\"elementor-container elementor-column-gap-default\">\n\t\t\t\t\t\t\t<div class=\"elementor-row\">\n\t\t\t\t\t<div class=\"has_eae_slider elementor-column elementor-col-100 elementor-top-column elementor-element elementor-element-c0afcf4\" data-id=\"c0afcf4\" data-element_type=\"column\">\n\t\t\t<div class=\"elementor-column-wrap elementor-element-populated\">\n\t\t\t\t\t\t\t<div class=\"elementor-widget-wrap\">\n\t\t\t\t\t\t<div class=\"elementor-element elementor-element-9fe77cb elementor-widget elementor-widget-elementskit-heading\" data-id=\"9fe77cb\" data-element_type=\"widget\" data-settings=\"{&quot;ekit_we_effect_on&quot;:&quot;none&quot;}\" data-widget_type=\"elementskit-heading.default\">\n\t\t\t\t<div class=\"elementor-widget-container\">\n\t\t\t<div class=\"ekit-wid-con\" ><div class=\"elementskit-section-title-wraper text_center   ekit_heading_tablet-   ekit_heading_mobile-\"><h2 class=\"elementskit-section-title\">\n\t\t\t\t\tSOC\u0130\u00c9T\u00c9\n\t\t\t\t<\/h2><\/div><\/div>\t\t<\/div>\n\t\t\t\t<\/div>\n\t\t\t\t\t\t<\/div>\n\t\t\t\t\t<\/div>\n\t\t<\/div>\n\t\t\t\t\t\t\t\t<\/div>\n\t\t\t\t\t<\/div>\n\t\t<\/section>\n\t\t\t\t<section class=\"has_eae_slider elementor-section elementor-top-section elementor-element elementor-element-5b0a4e8 elementor-section-boxed elementor-section-height-default elementor-section-height-default\" data-id=\"5b0a4e8\" data-element_type=\"section\">\n\t\t\t\t\t\t<div class=\"elementor-container elementor-column-gap-default\">\n\t\t\t\t\t\t\t<div class=\"elementor-row\">\n\t\t\t\t\t<div class=\"has_eae_slider elementor-column elementor-col-100 elementor-top-column elementor-element elementor-element-d84bd83\" data-id=\"d84bd83\" data-element_type=\"column\">\n\t\t\t<div class=\"elementor-column-wrap elementor-element-populated\">\n\t\t\t\t\t\t\t<div class=\"elementor-widget-wrap\">\n\t\t\t\t\t\t<div class=\"elementor-element elementor-element-6d3b403 elementor-widget elementor-widget-text-editor\" data-id=\"6d3b403\" data-element_type=\"widget\" data-settings=\"{&quot;ekit_we_effect_on&quot;:&quot;none&quot;}\" data-widget_type=\"text-editor.default\">\n\t\t\t\t<div class=\"elementor-widget-container\">\n\t\t\t\t\t<div class=\"elementor-text-editor elementor-clearfix\">Aterya a \u00e9t\u00e9 fond\u00e9e  en 1998 par 3 entrepreneurs pour produire des portes d'ascenseur et a pris sa place parmi les premi\u00e8res entreprises de fabrication de portes en Turquie. Aterya poursuit son chemin avec sa conception unique et ses principes de fonctionnement. Strictement, la production ne se fait pas en copiant le produit. Les dessins sont faits par nous-m\u00eames.\n<\/div>\n\t\t\t\t<\/div>\n\t\t\t\t<\/div>\n\t\t\t\t\t\t<\/div>\n\t\t\t\t\t<\/div>\n\t\t<\/div>\n\t\t\t\t\t\t\t\t<\/div>\n\t\t\t\t\t<\/div>\n\t\t<\/section>\n\t\t\t\t<section class=\"has_eae_slider elementor-section elementor-top-section elementor-element elementor-element-4ceee8e elementor-section-boxed elementor-section-height-default elementor-section-height-default\" data-id=\"4ceee8e\" data-element_type=\"section\">\n\t\t\t\t\t\t<div class=\"elementor-container elementor-column-gap-default\">\n\t\t\t\t\t\t\t<div class=\"elementor-row\">\n\t\t\t\t\t<div class=\"has_eae_slider elementor-column elementor-col-100 elementor-top-column elementor-element elementor-element-8f374ca\" data-id=\"8f374ca\" data-element_type=\"column\">\n\t\t\t<div class=\"elementor-column-wrap elementor-element-populated\">\n\t\t\t\t\t\t\t<div class=\"elementor-widget-wrap\">\n\t\t\t\t\t\t<section class=\"has_eae_slider elementor-section elementor-inner-section elementor-element elementor-element-e1c3204 box-shadow-about elementor-section-boxed elementor-section-height-default elementor-section-height-default\" data-id=\"e1c3204\" data-element_type=\"section\" data-settings=\"{&quot;background_background&quot;:&quot;classic&quot;}\">\n\t\t\t\t\t\t<div class=\"elementor-container elementor-column-gap-default\">\n\t\t\t\t\t\t\t<div class=\"elementor-row\">\n\t\t\t\t\t<div class=\"has_eae_slider elementor-column elementor-col-50 elementor-inner-column elementor-element elementor-element-85b4a9d\" data-id=\"85b4a9d\" data-element_type=\"column\" data-settings=\"{&quot;background_background&quot;:&quot;classic&quot;}\">\n\t\t\t<div class=\"elementor-column-wrap elementor-element-populated\">\n\t\t\t\t\t\t\t<div class=\"elementor-widget-wrap\">\n\t\t\t\t\t\t<div class=\"elementor-element elementor-element-e6845b0 elementor-widget elementor-widget-heading\" data-id=\"e6845b0\" data-element_type=\"widget\" data-settings=\"{&quot;ekit_we_effect_on&quot;:&quot;none&quot;}\" data-widget_type=\"heading.default\">\n\t\t\t\t<div class=\"elementor-widget-container\">\n\t\t\t<span class=\"elementor-heading-title elementor-size-default\">25+<\/span>\t\t<\/div>\n\t\t\t\t<\/div>\n\t\t\t\t<div class=\"elementor-element elementor-element-4227464 elementor-widget elementor-widget-heading\" data-id=\"4227464\" data-element_type=\"widget\" data-settings=\"{&quot;ekit_we_effect_on&quot;:&quot;none&quot;}\" data-widget_type=\"heading.default\">\n\t\t\t\t<div class=\"elementor-widget-container\">\n\t\t\t<h2 class=\"elementor-heading-title elementor-size-default translation-block\">Ann\u00e9es d\u2019experience<\/h2>\t\t<\/div>\n\t\t\t\t<\/div>\n\t\t\t\t<div class=\"elementor-element elementor-element-419483c elementor-widget-divider--view-line elementor-widget elementor-widget-divider\" data-id=\"419483c\" data-element_type=\"widget\" data-settings=\"{&quot;ekit_we_effect_on&quot;:&quot;none&quot;}\" data-widget_type=\"divider.default\">\n\t\t\t\t<div class=\"elementor-widget-container\">\n\t\t\t\t\t<div class=\"elementor-divider\">\n\t\t\t<span class=\"elementor-divider-separator\">\n\t\t\t\t\t\t<\/span>\n\t\t<\/div>\n\t\t\t\t<\/div>\n\t\t\t\t<\/div>\n\t\t\t\t<div class=\"elementor-element elementor-element-d904cdb elementor-widget elementor-widget-text-editor\" data-id=\"d904cdb\" data-element_type=\"widget\" data-settings=\"{&quot;ekit_we_effect_on&quot;:&quot;none&quot;}\" data-widget_type=\"text-editor.default\">\n\t\t\t\t<div class=\"elementor-widget-container\">\n\t\t\t\t\t<div class=\"elementor-text-editor elementor-clearfix\"><span style=\"color: #ffffff;\">\"Avec notre politique bas\u00e9e sur la Qualit\u00e9 et la Satisfaction du Client, nous continuons  \u00e0 vous servir ,  \u00e0 nos pr\u00e9cieux installateurs et utilisateurs d'ascenseurs, sans interruption.\"<\/span><\/div>\n\t\t\t\t<\/div>\n\t\t\t\t<\/div>\n\t\t\t\t<div class=\"elementor-element elementor-element-f7415ed elementor-widget elementor-widget-heading\" data-id=\"f7415ed\" data-element_type=\"widget\" data-settings=\"{&quot;ekit_we_effect_on&quot;:&quot;none&quot;}\" data-widget_type=\"heading.default\">\n\t\t\t\t<div class=\"elementor-widget-container\">\n\t\t\t<p class=\"elementor-heading-title elementor-size-default\">Kemal KARATA\u015e<\/p>\t\t<\/div>\n\t\t\t\t<\/div>\n\t\t\t\t<div class=\"elementor-element elementor-element-d7ad67f elementor-widget elementor-widget-heading\" data-id=\"d7ad67f\" data-element_type=\"widget\" data-settings=\"{&quot;ekit_we_effect_on&quot;:&quot;none&quot;}\" data-widget_type=\"heading.default\">\n\t\t\t\t<div class=\"elementor-widget-container\">\n\t\t\t<p class=\"elementor-heading-title elementor-size-default\">Pr\u00e9sident du conseil<\/p>\t\t<\/div>\n\t\t\t\t<\/div>\n\t\t\t\t\t\t<\/div>\n\t\t\t\t\t<\/div>\n\t\t<\/div>\n\t\t\t\t<div class=\"has_eae_slider elementor-column elementor-col-50 elementor-inner-column elementor-element elementor-element-b5f3612\" data-id=\"b5f3612\" data-element_type=\"column\" data-settings=\"{&quot;background_background&quot;:&quot;classic&quot;}\">\n\t\t\t<div class=\"elementor-column-wrap elementor-element-populated\">\n\t\t\t\t\t\t\t<div class=\"elementor-widget-wrap\">\n\t\t\t\t\t\t<div class=\"elementor-element elementor-element-0deb06d elementor-widget elementor-widget-elementskit-video\" data-id=\"0deb06d\" data-element_type=\"widget\" data-settings=\"{&quot;ekit_we_effect_on&quot;:&quot;none&quot;}\" data-widget_type=\"elementskit-video.default\">\n\t\t\t\t<div class=\"elementor-widget-container\">\n\t\t\t<div class=\"ekit-wid-con\" >\t\t\t<div class=\"video-content\">\n                <a href=\"https:\/\/www.youtube.com\/watch?v=KkADwyeP1AQ?autoplay=yes&#038;loop=no&#038;controls=&#038;mute=no&#038;start=0&#038;end=&#038;version=3\" class=\"ekit-video-popup ekit-video-popup-btn ekit_icon_button glow-btn\">\n\t\t\t\t\t\t\t\t\t\t\t\t\t\t\t\t<i aria-hidden=\"true\" class=\"icon icon-play\"><\/i>\t\t\t\t\t\t\t\t\t\t                <\/a>\n            <\/div>\n\t\t<\/div>\t\t<\/div>\n\t\t\t\t<\/div>\n\t\t\t\t\t\t<\/div>\n\t\t\t\t\t<\/div>\n\t\t<\/div>\n\t\t\t\t\t\t\t\t<\/div>\n\t\t\t\t\t<\/div>\n\t\t<\/section>\n\t\t\t\t\t\t<\/div>\n\t\t\t\t\t<\/div>\n\t\t<\/div>\n\t\t\t\t\t\t\t\t<\/div>\n\t\t\t\t\t<\/div>\n\t\t<\/section>\n\t\t\t\t\t\t<\/div>\n\t\t\t\t\t\t<\/div>\n\t\t\t\t\t<\/div>","protected":false},"excerpt":{"rendered":"<p>HAKKIMIZDA 1998 Y\u0131l\u0131nda 3 Giri\u015fimci taraf\u0131ndan Asans\u00f6r Kap\u0131s\u0131 \u00fcretimi yapmak \u00fczere T\u00fcrkiyenin ilk kap\u0131 \u00fcretim \u015firketleri aras\u0131nda yerini alm\u0131\u015ft\u0131r. kendine \u00f6zg\u00fc tasar\u0131m ve \u00e7al\u0131\u015fma prensipleri ile yoluna devam etmektedir. Kesinlikle \u00fcr\u00fcn kopyalayarak \u00fcretim yap\u0131lmamaktad\u0131r. Tasar\u0131mlar Kendine \u00d6zg\u00fc olarak yap\u0131lmaktad\u0131r. 25+ Y\u0131ll\u0131kTecr\u00fcbe \u201cKalite ve M\u00fc\u015fteri Memnuniyeti \u00fczerine kurulmu\u015f Politikas\u0131 ile Siz de\u011ferli Asans\u00f6r Kurucular\u0131 ve Kullan\u0131c\u0131lar\u0131na [&hellip;]<\/p>","protected":false},"author":3,"featured_media":0,"parent":0,"menu_order":0,"comment_status":"closed","ping_status":"closed","template":"elementor_header_footer","meta":{"footnotes":""},"_links":{"self":[{"href":"https:\/\/kmtasansor.com\/fr\/wp-json\/wp\/v2\/pages\/2651"}],"collection":[{"href":"https:\/\/kmtasansor.com\/fr\/wp-json\/wp\/v2\/pages"}],"about":[{"href":"https:\/\/kmtasansor.com\/fr\/wp-json\/wp\/v2\/types\/page"}],"author":[{"embeddable":true,"href":"https:\/\/kmtasansor.com\/fr\/wp-json\/wp\/v2\/users\/3"}],"replies":[{"embeddable":true,"href":"https:\/\/kmtasansor.com\/fr\/wp-json\/wp\/v2\/comments?post=2651"}],"version-history":[{"count":0,"href":"https:\/\/kmtasansor.com\/fr\/wp-json\/wp\/v2\/pages\/2651\/revisions"}],"wp:attachment":[{"href":"https:\/\/kmtasansor.com\/fr\/wp-json\/wp\/v2\/media?parent=2651"}],"curies":[{"name":"wp","href":"https:\/\/api.w.org\/{rel}","templated":true}]}}