{"id":2190,"date":"2020-03-23T19:52:04","date_gmt":"2020-03-23T19:52:04","guid":{"rendered":"https:\/\/aterya.tam.net.tr\/?page_id=2190"},"modified":"2020-09-25T11:32:18","modified_gmt":"2020-09-25T11:32:18","slug":"makina-motorlar","status":"publish","type":"page","link":"https:\/\/kmtasansor.com\/fr\/makina-motorlar\/","title":{"rendered":"Moteurs de machines"},"content":{"rendered":"<div data-elementor-type=\"wp-post\" data-elementor-id=\"2190\" class=\"elementor elementor-2190\" data-elementor-settings=\"[]\">\n\t\t\t\t\t\t<div class=\"elementor-inner\">\n\t\t\t\t\t\t\t<div class=\"elementor-section-wrap\">\n\t\t\t\t\t\t\t<section class=\"has_eae_slider elementor-section elementor-top-section elementor-element elementor-element-04c56e4 elementor-section-boxed elementor-section-height-default elementor-section-height-default\" data-id=\"04c56e4\" data-element_type=\"section\" data-settings=\"{&quot;background_background&quot;:&quot;classic&quot;,&quot;ekit_section_parallax_bg_speed&quot;:0.6,&quot;ekit_section_parallax_bg&quot;:&quot;yes&quot;}\">\n\t\t\t\t\t\t<div class=\"elementor-container elementor-column-gap-default\">\n\t\t\t\t\t\t\t<div class=\"elementor-row\">\n\t\t\t\t\t<div class=\"has_eae_slider elementor-column elementor-col-100 elementor-top-column elementor-element elementor-element-c0afcf4\" data-id=\"c0afcf4\" data-element_type=\"column\">\n\t\t\t<div class=\"elementor-column-wrap elementor-element-populated\">\n\t\t\t\t\t\t\t<div class=\"elementor-widget-wrap\">\n\t\t\t\t\t\t<div class=\"elementor-element elementor-element-0a47012 elementor-widget elementor-widget-elementskit-heading\" data-id=\"0a47012\" data-element_type=\"widget\" data-settings=\"{&quot;ekit_we_effect_on&quot;:&quot;none&quot;}\" data-widget_type=\"elementskit-heading.default\">\n\t\t\t\t<div class=\"elementor-widget-container\">\n\t\t\t<div class=\"ekit-wid-con\" ><div class=\"elementskit-section-title-wraper text_center   ekit_heading_tablet-   ekit_heading_mobile-\"><h2 class=\"elementskit-section-title\">\n\t\t\t\t\tMAK\u0130NA MOTORLAR\n\t\t\t\t<\/h2><\/div><\/div>\t\t<\/div>\n\t\t\t\t<\/div>\n\t\t\t\t\t\t<\/div>\n\t\t\t\t\t<\/div>\n\t\t<\/div>\n\t\t\t\t\t\t\t\t<\/div>\n\t\t\t\t\t<\/div>\n\t\t<\/section>\n\t\t\t\t<section class=\"has_eae_slider elementor-section elementor-top-section elementor-element elementor-element-3bd897b elementor-section-full_width elementor-hidden-phone elementor-section-height-default elementor-section-height-default\" data-id=\"3bd897b\" data-element_type=\"section\" data-settings=\"{&quot;background_background&quot;:&quot;classic&quot;}\">\n\t\t\t\t\t\t<div class=\"elementor-container elementor-column-gap-default\">\n\t\t\t\t\t\t\t<div class=\"elementor-row\">\n\t\t\t\t\t<div class=\"has_eae_slider elementor-column elementor-col-100 elementor-top-column elementor-element elementor-element-a308185\" data-id=\"a308185\" data-element_type=\"column\">\n\t\t\t<div class=\"elementor-column-wrap elementor-element-populated\">\n\t\t\t\t\t\t\t<div class=\"elementor-widget-wrap\">\n\t\t\t\t\t\t<div class=\"elementor-element elementor-element-ef91fce elementor-widget elementor-widget-heading\" data-id=\"ef91fce\" data-element_type=\"widget\" data-settings=\"{&quot;ekit_we_effect_on&quot;:&quot;none&quot;}\" data-widget_type=\"heading.default\">\n\t\t\t\t<div class=\"elementor-widget-container\">\n\t\t\t<h2 class=\"elementor-heading-title elementor-size-default\">Alberto Sassi<\/h2>\t\t<\/div>\n\t\t\t\t<\/div>\n\t\t\t\t<div class=\"elementor-element elementor-element-3326d4f gallery-spacing-custom deneme elementor-widget elementor-widget-image-gallery\" data-id=\"3326d4f\" data-element_type=\"widget\" data-settings=\"{&quot;ekit_we_effect_on&quot;:&quot;none&quot;}\" data-widget_type=\"image-gallery.default\">\n\t\t\t\t<div class=\"elementor-widget-container\">\n\t\t\t\t\t<div class=\"elementor-image-gallery\">\n\t\t\t<div id='gallery-1' class='gallery galleryid-2190 gallery-columns-5 gallery-size-full'><figure class='gallery-item'>\n\t\t\t<div class='gallery-icon landscape'>\n\t\t\t\t<a data-elementor-open-lightbox=\"yes\" data-elementor-lightbox-slideshow=\"3326d4f\" href='https:\/\/kmtasansor.com\/wp-content\/uploads\/2019\/03\/G-500-T1-kopya.jpg'><img width=\"600\" height=\"600\" src=\"https:\/\/kmtasansor.com\/wp-content\/uploads\/2019\/03\/G-500-T1-kopya.jpg\" class=\"attachment-full size-full\" alt=\"\" decoding=\"async\" aria-describedby=\"gallery-1-2289\" loading=\"lazy\" srcset=\"https:\/\/kmtasansor.com\/wp-content\/uploads\/2019\/03\/G-500-T1-kopya.jpg 600w, https:\/\/kmtasansor.com\/wp-content\/uploads\/2019\/03\/G-500-T1-kopya-300x300.jpg 300w, https:\/\/kmtasansor.com\/wp-content\/uploads\/2019\/03\/G-500-T1-kopya-150x150.jpg 150w\" sizes=\"(max-width: 600px) 100vw, 600px\" \/><\/a>\n\t\t\t<\/div>\n\t\t\t\t<figcaption class='wp-caption-text gallery-caption' id='gallery-1-2289'>\n\t\t\t\tG 500 T1\n\t\t\t\t<\/figcaption><\/figure><figure class='gallery-item'>\n\t\t\t<div class='gallery-icon landscape'>\n\t\t\t\t<a data-elementor-open-lightbox=\"yes\" data-elementor-lightbox-slideshow=\"3326d4f\" href='https:\/\/kmtasansor.com\/wp-content\/uploads\/2019\/03\/G-500-T2-kopya.jpg'><img width=\"600\" height=\"600\" src=\"https:\/\/kmtasansor.com\/wp-content\/uploads\/2019\/03\/G-500-T2-kopya.jpg\" class=\"attachment-full size-full\" alt=\"\" decoding=\"async\" aria-describedby=\"gallery-1-2290\" loading=\"lazy\" srcset=\"https:\/\/kmtasansor.com\/wp-content\/uploads\/2019\/03\/G-500-T2-kopya.jpg 600w, https:\/\/kmtasansor.com\/wp-content\/uploads\/2019\/03\/G-500-T2-kopya-300x300.jpg 300w, https:\/\/kmtasansor.com\/wp-content\/uploads\/2019\/03\/G-500-T2-kopya-150x150.jpg 150w\" sizes=\"(max-width: 600px) 100vw, 600px\" \/><\/a>\n\t\t\t<\/div>\n\t\t\t\t<figcaption class='wp-caption-text gallery-caption' id='gallery-1-2290'>\n\t\t\t\tG 500 T2\n\t\t\t\t<\/figcaption><\/figure><figure class='gallery-item'>\n\t\t\t<div class='gallery-icon landscape'>\n\t\t\t\t<a data-elementor-open-lightbox=\"yes\" data-elementor-lightbox-slideshow=\"3326d4f\" href='https:\/\/kmtasansor.com\/wp-content\/uploads\/2019\/03\/MF-84-kopya.jpg'><img width=\"600\" height=\"600\" src=\"https:\/\/kmtasansor.com\/wp-content\/uploads\/2019\/03\/MF-84-kopya.jpg\" class=\"attachment-full size-full\" alt=\"\" decoding=\"async\" aria-describedby=\"gallery-1-2291\" loading=\"lazy\" srcset=\"https:\/\/kmtasansor.com\/wp-content\/uploads\/2019\/03\/MF-84-kopya.jpg 600w, https:\/\/kmtasansor.com\/wp-content\/uploads\/2019\/03\/MF-84-kopya-300x300.jpg 300w, https:\/\/kmtasansor.com\/wp-content\/uploads\/2019\/03\/MF-84-kopya-150x150.jpg 150w\" sizes=\"(max-width: 600px) 100vw, 600px\" \/><\/a>\n\t\t\t<\/div>\n\t\t\t\t<figcaption class='wp-caption-text gallery-caption' id='gallery-1-2291'>\n\t\t\t\tMF-84\n\t\t\t\t<\/figcaption><\/figure>\n\t\t<\/div>\n\t\t<\/div>\n\t\t\t\t<\/div>\n\t\t\t\t<\/div>\n\t\t\t\t\t\t<\/div>\n\t\t\t\t\t<\/div>\n\t\t<\/div>\n\t\t\t\t\t\t\t\t<\/div>\n\t\t\t\t\t<\/div>\n\t\t<\/section>\n\t\t\t\t<section class=\"has_eae_slider elementor-section elementor-top-section elementor-element elementor-element-4e06fd4 elementor-section-full_width elementor-hidden-phone elementor-section-height-default elementor-section-height-default\" data-id=\"4e06fd4\" data-element_type=\"section\" data-settings=\"{&quot;background_background&quot;:&quot;classic&quot;}\">\n\t\t\t\t\t\t<div class=\"elementor-container elementor-column-gap-default\">\n\t\t\t\t\t\t\t<div class=\"elementor-row\">\n\t\t\t\t\t<div class=\"has_eae_slider elementor-column elementor-col-100 elementor-top-column elementor-element elementor-element-2cffff7\" data-id=\"2cffff7\" data-element_type=\"column\">\n\t\t\t<div class=\"elementor-column-wrap elementor-element-populated\">\n\t\t\t\t\t\t\t<div class=\"elementor-widget-wrap\">\n\t\t\t\t\t\t<div class=\"elementor-element elementor-element-ad404b9 elementor-widget elementor-widget-heading\" data-id=\"ad404b9\" data-element_type=\"widget\" data-settings=\"{&quot;ekit_we_effect_on&quot;:&quot;none&quot;}\" data-widget_type=\"heading.default\">\n\t\t\t\t<div class=\"elementor-widget-container\">\n\t\t\t<h2 class=\"elementor-heading-title elementor-size-default\">Akar<\/h2>\t\t<\/div>\n\t\t\t\t<\/div>\n\t\t\t\t<div class=\"elementor-element elementor-element-0aa26f1 gallery-spacing-custom deneme elementor-widget elementor-widget-image-gallery\" data-id=\"0aa26f1\" data-element_type=\"widget\" data-settings=\"{&quot;ekit_we_effect_on&quot;:&quot;none&quot;}\" data-widget_type=\"image-gallery.default\">\n\t\t\t\t<div class=\"elementor-widget-container\">\n\t\t\t\t\t<div class=\"elementor-image-gallery\">\n\t\t\t<div id='gallery-2' class='gallery galleryid-2190 gallery-columns-5 gallery-size-full'><figure class='gallery-item'>\n\t\t\t<div class='gallery-icon landscape'>\n\t\t\t\t<a data-elementor-open-lightbox=\"yes\" data-elementor-lightbox-slideshow=\"0aa26f1\" href='https:\/\/kmtasansor.com\/wp-content\/uploads\/2019\/03\/AKAR-ARC-135-kopya-1.jpg'><img width=\"600\" height=\"600\" src=\"https:\/\/kmtasansor.com\/wp-content\/uploads\/2019\/03\/AKAR-ARC-135-kopya-1.jpg\" class=\"attachment-full size-full\" alt=\"\" decoding=\"async\" aria-describedby=\"gallery-2-2234\" loading=\"lazy\" srcset=\"https:\/\/kmtasansor.com\/wp-content\/uploads\/2019\/03\/AKAR-ARC-135-kopya-1.jpg 600w, https:\/\/kmtasansor.com\/wp-content\/uploads\/2019\/03\/AKAR-ARC-135-kopya-1-300x300.jpg 300w, https:\/\/kmtasansor.com\/wp-content\/uploads\/2019\/03\/AKAR-ARC-135-kopya-1-150x150.jpg 150w\" sizes=\"(max-width: 600px) 100vw, 600px\" \/><\/a>\n\t\t\t<\/div>\n\t\t\t\t<figcaption class='wp-caption-text gallery-caption' id='gallery-2-2234'>\n\t\t\t\tAkar ARC-135\n\t\t\t\t<\/figcaption><\/figure><figure class='gallery-item'>\n\t\t\t<div class='gallery-icon landscape'>\n\t\t\t\t<a data-elementor-open-lightbox=\"yes\" data-elementor-lightbox-slideshow=\"0aa26f1\" href='https:\/\/kmtasansor.com\/wp-content\/uploads\/2019\/03\/AKAR-DAK-125-kopya-1.jpg'><img width=\"600\" height=\"600\" src=\"https:\/\/kmtasansor.com\/wp-content\/uploads\/2019\/03\/AKAR-DAK-125-kopya-1.jpg\" class=\"attachment-full size-full\" alt=\"\" decoding=\"async\" aria-describedby=\"gallery-2-2235\" loading=\"lazy\" srcset=\"https:\/\/kmtasansor.com\/wp-content\/uploads\/2019\/03\/AKAR-DAK-125-kopya-1.jpg 600w, https:\/\/kmtasansor.com\/wp-content\/uploads\/2019\/03\/AKAR-DAK-125-kopya-1-300x300.jpg 300w, https:\/\/kmtasansor.com\/wp-content\/uploads\/2019\/03\/AKAR-DAK-125-kopya-1-150x150.jpg 150w\" sizes=\"(max-width: 600px) 100vw, 600px\" \/><\/a>\n\t\t\t<\/div>\n\t\t\t\t<figcaption class='wp-caption-text gallery-caption' id='gallery-2-2235'>\n\t\t\t\tAkar DAK-125\n\t\t\t\t<\/figcaption><\/figure><figure class='gallery-item'>\n\t\t\t<div class='gallery-icon landscape'>\n\t\t\t\t<a data-elementor-open-lightbox=\"yes\" data-elementor-lightbox-slideshow=\"0aa26f1\" href='https:\/\/kmtasansor.com\/wp-content\/uploads\/2019\/03\/AKAR-DAK-135-kopya-1.jpg'><img width=\"600\" height=\"600\" src=\"https:\/\/kmtasansor.com\/wp-content\/uploads\/2019\/03\/AKAR-DAK-135-kopya-1.jpg\" class=\"attachment-full size-full\" alt=\"\" decoding=\"async\" aria-describedby=\"gallery-2-2236\" loading=\"lazy\" srcset=\"https:\/\/kmtasansor.com\/wp-content\/uploads\/2019\/03\/AKAR-DAK-135-kopya-1.jpg 600w, https:\/\/kmtasansor.com\/wp-content\/uploads\/2019\/03\/AKAR-DAK-135-kopya-1-300x300.jpg 300w, https:\/\/kmtasansor.com\/wp-content\/uploads\/2019\/03\/AKAR-DAK-135-kopya-1-150x150.jpg 150w\" sizes=\"(max-width: 600px) 100vw, 600px\" \/><\/a>\n\t\t\t<\/div>\n\t\t\t\t<figcaption class='wp-caption-text gallery-caption' id='gallery-2-2236'>\n\t\t\t\tAkar DAK-135\n\t\t\t\t<\/figcaption><\/figure><figure class='gallery-item'>\n\t\t\t<div class='gallery-icon landscape'>\n\t\t\t\t<a data-elementor-open-lightbox=\"yes\" data-elementor-lightbox-slideshow=\"0aa26f1\" href='https:\/\/kmtasansor.com\/wp-content\/uploads\/2019\/03\/AKAR-DAK-170-kopya-1.jpg'><img width=\"600\" height=\"600\" src=\"https:\/\/kmtasansor.com\/wp-content\/uploads\/2019\/03\/AKAR-DAK-170-kopya-1.jpg\" class=\"attachment-full size-full\" alt=\"\" decoding=\"async\" aria-describedby=\"gallery-2-2237\" loading=\"lazy\" srcset=\"https:\/\/kmtasansor.com\/wp-content\/uploads\/2019\/03\/AKAR-DAK-170-kopya-1.jpg 600w, https:\/\/kmtasansor.com\/wp-content\/uploads\/2019\/03\/AKAR-DAK-170-kopya-1-300x300.jpg 300w, https:\/\/kmtasansor.com\/wp-content\/uploads\/2019\/03\/AKAR-DAK-170-kopya-1-150x150.jpg 150w\" sizes=\"(max-width: 600px) 100vw, 600px\" \/><\/a>\n\t\t\t<\/div>\n\t\t\t\t<figcaption class='wp-caption-text gallery-caption' id='gallery-2-2237'>\n\t\t\t\tAkar DAK-170\n\t\t\t\t<\/figcaption><\/figure><figure class='gallery-item'>\n\t\t\t<div class='gallery-icon landscape'>\n\t\t\t\t<a data-elementor-open-lightbox=\"yes\" data-elementor-lightbox-slideshow=\"0aa26f1\" href='https:\/\/kmtasansor.com\/wp-content\/uploads\/2019\/03\/AKAR-DAK-190-kopya-1.jpg'><img width=\"600\" height=\"600\" src=\"https:\/\/kmtasansor.com\/wp-content\/uploads\/2019\/03\/AKAR-DAK-190-kopya-1.jpg\" class=\"attachment-full size-full\" alt=\"\" decoding=\"async\" aria-describedby=\"gallery-2-2238\" loading=\"lazy\" srcset=\"https:\/\/kmtasansor.com\/wp-content\/uploads\/2019\/03\/AKAR-DAK-190-kopya-1.jpg 600w, https:\/\/kmtasansor.com\/wp-content\/uploads\/2019\/03\/AKAR-DAK-190-kopya-1-300x300.jpg 300w, https:\/\/kmtasansor.com\/wp-content\/uploads\/2019\/03\/AKAR-DAK-190-kopya-1-150x150.jpg 150w\" sizes=\"(max-width: 600px) 100vw, 600px\" \/><\/a>\n\t\t\t<\/div>\n\t\t\t\t<figcaption class='wp-caption-text gallery-caption' id='gallery-2-2238'>\n\t\t\t\tAkar DAK-190\n\t\t\t\t<\/figcaption><\/figure><figure class='gallery-item'>\n\t\t\t<div class='gallery-icon landscape'>\n\t\t\t\t<a data-elementor-open-lightbox=\"yes\" data-elementor-lightbox-slideshow=\"0aa26f1\" href='https:\/\/kmtasansor.com\/wp-content\/uploads\/2019\/03\/AKAR-SMT-14BC-kopya-1.jpg'><img width=\"600\" height=\"600\" src=\"https:\/\/kmtasansor.com\/wp-content\/uploads\/2019\/03\/AKAR-SMT-14BC-kopya-1.jpg\" class=\"attachment-full size-full\" alt=\"\" decoding=\"async\" aria-describedby=\"gallery-2-2239\" loading=\"lazy\" srcset=\"https:\/\/kmtasansor.com\/wp-content\/uploads\/2019\/03\/AKAR-SMT-14BC-kopya-1.jpg 600w, https:\/\/kmtasansor.com\/wp-content\/uploads\/2019\/03\/AKAR-SMT-14BC-kopya-1-300x300.jpg 300w, https:\/\/kmtasansor.com\/wp-content\/uploads\/2019\/03\/AKAR-SMT-14BC-kopya-1-150x150.jpg 150w\" sizes=\"(max-width: 600px) 100vw, 600px\" \/><\/a>\n\t\t\t<\/div>\n\t\t\t\t<figcaption class='wp-caption-text gallery-caption' id='gallery-2-2239'>\n\t\t\t\tAkar SMT-14BC\n\t\t\t\t<\/figcaption><\/figure><figure class='gallery-item'>\n\t\t\t<div class='gallery-icon landscape'>\n\t\t\t\t<a data-elementor-open-lightbox=\"yes\" data-elementor-lightbox-slideshow=\"0aa26f1\" href='https:\/\/kmtasansor.com\/wp-content\/uploads\/2019\/03\/AKAR-SMT-200-AC-kopya-1.jpg'><img width=\"600\" height=\"600\" src=\"https:\/\/kmtasansor.com\/wp-content\/uploads\/2019\/03\/AKAR-SMT-200-AC-kopya-1.jpg\" class=\"attachment-full size-full\" alt=\"\" decoding=\"async\" aria-describedby=\"gallery-2-2240\" loading=\"lazy\" srcset=\"https:\/\/kmtasansor.com\/wp-content\/uploads\/2019\/03\/AKAR-SMT-200-AC-kopya-1.jpg 600w, https:\/\/kmtasansor.com\/wp-content\/uploads\/2019\/03\/AKAR-SMT-200-AC-kopya-1-300x300.jpg 300w, https:\/\/kmtasansor.com\/wp-content\/uploads\/2019\/03\/AKAR-SMT-200-AC-kopya-1-150x150.jpg 150w\" sizes=\"(max-width: 600px) 100vw, 600px\" \/><\/a>\n\t\t\t<\/div>\n\t\t\t\t<figcaption class='wp-caption-text gallery-caption' id='gallery-2-2240'>\n\t\t\t\tAkar SMT-200 AC\n\t\t\t\t<\/figcaption><\/figure>\n\t\t<\/div>\n\t\t<\/div>\n\t\t\t\t<\/div>\n\t\t\t\t<\/div>\n\t\t\t\t\t\t<\/div>\n\t\t\t\t\t<\/div>\n\t\t<\/div>\n\t\t\t\t\t\t\t\t<\/div>\n\t\t\t\t\t<\/div>\n\t\t<\/section>\n\t\t\t\t<section class=\"has_eae_slider elementor-section elementor-top-section elementor-element elementor-element-3f043cc elementor-section-full_width elementor-hidden-phone elementor-section-height-default elementor-section-height-default\" data-id=\"3f043cc\" data-element_type=\"section\" data-settings=\"{&quot;background_background&quot;:&quot;classic&quot;}\">\n\t\t\t\t\t\t<div class=\"elementor-container elementor-column-gap-default\">\n\t\t\t\t\t\t\t<div class=\"elementor-row\">\n\t\t\t\t\t<div class=\"has_eae_slider elementor-column elementor-col-100 elementor-top-column elementor-element elementor-element-33a8ba7\" data-id=\"33a8ba7\" data-element_type=\"column\">\n\t\t\t<div class=\"elementor-column-wrap elementor-element-populated\">\n\t\t\t\t\t\t\t<div class=\"elementor-widget-wrap\">\n\t\t\t\t\t\t<div class=\"elementor-element elementor-element-fc0627e elementor-widget elementor-widget-heading\" data-id=\"fc0627e\" data-element_type=\"widget\" data-settings=\"{&quot;ekit_we_effect_on&quot;:&quot;none&quot;}\" data-widget_type=\"heading.default\">\n\t\t\t\t<div class=\"elementor-widget-container\">\n\t\t\t<h2 class=\"elementor-heading-title elementor-size-default\">Ark<\/h2>\t\t<\/div>\n\t\t\t\t<\/div>\n\t\t\t\t<div class=\"elementor-element elementor-element-1f6e19a gallery-spacing-custom deneme elementor-widget elementor-widget-image-gallery\" data-id=\"1f6e19a\" data-element_type=\"widget\" data-settings=\"{&quot;ekit_we_effect_on&quot;:&quot;none&quot;}\" data-widget_type=\"image-gallery.default\">\n\t\t\t\t<div class=\"elementor-widget-container\">\n\t\t\t\t\t<div class=\"elementor-image-gallery\">\n\t\t\t<div id='gallery-3' class='gallery galleryid-2190 gallery-columns-5 gallery-size-full'><figure class='gallery-item'>\n\t\t\t<div class='gallery-icon landscape'>\n\t\t\t\t<a data-elementor-open-lightbox=\"yes\" data-elementor-lightbox-slideshow=\"1f6e19a\" href='https:\/\/kmtasansor.com\/wp-content\/uploads\/2019\/03\/ARK-MASS\u0130-150-kopya.jpg'><img width=\"600\" height=\"600\" src=\"https:\/\/kmtasansor.com\/wp-content\/uploads\/2019\/03\/ARK-MASS\u0130-150-kopya.jpg\" class=\"attachment-full size-full\" alt=\"\" decoding=\"async\" aria-describedby=\"gallery-3-2314\" loading=\"lazy\" srcset=\"https:\/\/kmtasansor.com\/wp-content\/uploads\/2019\/03\/ARK-MASS\u0130-150-kopya.jpg 600w, https:\/\/kmtasansor.com\/wp-content\/uploads\/2019\/03\/ARK-MASS\u0130-150-kopya-300x300.jpg 300w, https:\/\/kmtasansor.com\/wp-content\/uploads\/2019\/03\/ARK-MASS\u0130-150-kopya-150x150.jpg 150w\" sizes=\"(max-width: 600px) 100vw, 600px\" \/><\/a>\n\t\t\t<\/div>\n\t\t\t\t<figcaption class='wp-caption-text gallery-caption' id='gallery-3-2314'>\n\t\t\t\tARK MASS\u0130-150\n\t\t\t\t<\/figcaption><\/figure><figure class='gallery-item'>\n\t\t\t<div class='gallery-icon landscape'>\n\t\t\t\t<a data-elementor-open-lightbox=\"yes\" data-elementor-lightbox-slideshow=\"1f6e19a\" href='https:\/\/kmtasansor.com\/wp-content\/uploads\/2019\/03\/AYK-145-kopya.jpg'><img width=\"600\" height=\"600\" src=\"https:\/\/kmtasansor.com\/wp-content\/uploads\/2019\/03\/AYK-145-kopya.jpg\" class=\"attachment-full size-full\" alt=\"\" decoding=\"async\" aria-describedby=\"gallery-3-2315\" loading=\"lazy\" srcset=\"https:\/\/kmtasansor.com\/wp-content\/uploads\/2019\/03\/AYK-145-kopya.jpg 600w, https:\/\/kmtasansor.com\/wp-content\/uploads\/2019\/03\/AYK-145-kopya-300x300.jpg 300w, https:\/\/kmtasansor.com\/wp-content\/uploads\/2019\/03\/AYK-145-kopya-150x150.jpg 150w\" sizes=\"(max-width: 600px) 100vw, 600px\" \/><\/a>\n\t\t\t<\/div>\n\t\t\t\t<figcaption class='wp-caption-text gallery-caption' id='gallery-3-2315'>\n\t\t\t\tAYK-145\n\t\t\t\t<\/figcaption><\/figure><figure class='gallery-item'>\n\t\t\t<div class='gallery-icon landscape'>\n\t\t\t\t<a data-elementor-open-lightbox=\"yes\" data-elementor-lightbox-slideshow=\"1f6e19a\" href='https:\/\/kmtasansor.com\/wp-content\/uploads\/2019\/03\/ARK-\u0130RM15-kopya.jpg'><img width=\"600\" height=\"600\" src=\"https:\/\/kmtasansor.com\/wp-content\/uploads\/2019\/03\/ARK-\u0130RM15-kopya.jpg\" class=\"attachment-full size-full\" alt=\"\" decoding=\"async\" aria-describedby=\"gallery-3-2316\" loading=\"lazy\" srcset=\"https:\/\/kmtasansor.com\/wp-content\/uploads\/2019\/03\/ARK-\u0130RM15-kopya.jpg 600w, https:\/\/kmtasansor.com\/wp-content\/uploads\/2019\/03\/ARK-\u0130RM15-kopya-300x300.jpg 300w, https:\/\/kmtasansor.com\/wp-content\/uploads\/2019\/03\/ARK-\u0130RM15-kopya-150x150.jpg 150w\" sizes=\"(max-width: 600px) 100vw, 600px\" \/><\/a>\n\t\t\t<\/div>\n\t\t\t\t<figcaption class='wp-caption-text gallery-caption' id='gallery-3-2316'>\n\t\t\t\tARK-\u0130RM15\n\t\t\t\t<\/figcaption><\/figure><figure class='gallery-item'>\n\t\t\t<div class='gallery-icon landscape'>\n\t\t\t\t<a data-elementor-open-lightbox=\"yes\" data-elementor-lightbox-slideshow=\"1f6e19a\" href='https:\/\/kmtasansor.com\/wp-content\/uploads\/2019\/03\/ARK-\u0130RM-20-kopya.jpg'><img width=\"600\" height=\"600\" src=\"https:\/\/kmtasansor.com\/wp-content\/uploads\/2019\/03\/ARK-\u0130RM-20-kopya.jpg\" class=\"attachment-full size-full\" alt=\"\" decoding=\"async\" aria-describedby=\"gallery-3-2317\" loading=\"lazy\" srcset=\"https:\/\/kmtasansor.com\/wp-content\/uploads\/2019\/03\/ARK-\u0130RM-20-kopya.jpg 600w, https:\/\/kmtasansor.com\/wp-content\/uploads\/2019\/03\/ARK-\u0130RM-20-kopya-300x300.jpg 300w, https:\/\/kmtasansor.com\/wp-content\/uploads\/2019\/03\/ARK-\u0130RM-20-kopya-150x150.jpg 150w\" sizes=\"(max-width: 600px) 100vw, 600px\" \/><\/a>\n\t\t\t<\/div>\n\t\t\t\t<figcaption class='wp-caption-text gallery-caption' id='gallery-3-2317'>\n\t\t\t\tARK-\u0130RM-20\n\t\t\t\t<\/figcaption><\/figure><figure class='gallery-item'>\n\t\t\t<div class='gallery-icon landscape'>\n\t\t\t\t<a data-elementor-open-lightbox=\"yes\" data-elementor-lightbox-slideshow=\"1f6e19a\" href='https:\/\/kmtasansor.com\/wp-content\/uploads\/2019\/03\/ARK-KAAN-135-ALM-kopya.jpg'><img width=\"600\" height=\"600\" src=\"https:\/\/kmtasansor.com\/wp-content\/uploads\/2019\/03\/ARK-KAAN-135-ALM-kopya.jpg\" class=\"attachment-full size-full\" alt=\"\" decoding=\"async\" aria-describedby=\"gallery-3-2318\" loading=\"lazy\" srcset=\"https:\/\/kmtasansor.com\/wp-content\/uploads\/2019\/03\/ARK-KAAN-135-ALM-kopya.jpg 600w, https:\/\/kmtasansor.com\/wp-content\/uploads\/2019\/03\/ARK-KAAN-135-ALM-kopya-300x300.jpg 300w, https:\/\/kmtasansor.com\/wp-content\/uploads\/2019\/03\/ARK-KAAN-135-ALM-kopya-150x150.jpg 150w\" sizes=\"(max-width: 600px) 100vw, 600px\" \/><\/a>\n\t\t\t<\/div>\n\t\t\t\t<figcaption class='wp-caption-text gallery-caption' id='gallery-3-2318'>\n\t\t\t\tARK KAAN-135-ALM\n\t\t\t\t<\/figcaption><\/figure><figure class='gallery-item'>\n\t\t\t<div class='gallery-icon landscape'>\n\t\t\t\t<a data-elementor-open-lightbox=\"yes\" data-elementor-lightbox-slideshow=\"1f6e19a\" href='https:\/\/kmtasansor.com\/wp-content\/uploads\/2019\/03\/ARK-MASS\u0130-140-kopya-1.jpg'><img width=\"600\" height=\"600\" src=\"https:\/\/kmtasansor.com\/wp-content\/uploads\/2019\/03\/ARK-MASS\u0130-140-kopya-1.jpg\" class=\"attachment-full size-full\" alt=\"\" decoding=\"async\" aria-describedby=\"gallery-3-2319\" loading=\"lazy\" srcset=\"https:\/\/kmtasansor.com\/wp-content\/uploads\/2019\/03\/ARK-MASS\u0130-140-kopya-1.jpg 600w, https:\/\/kmtasansor.com\/wp-content\/uploads\/2019\/03\/ARK-MASS\u0130-140-kopya-1-300x300.jpg 300w, https:\/\/kmtasansor.com\/wp-content\/uploads\/2019\/03\/ARK-MASS\u0130-140-kopya-1-150x150.jpg 150w\" sizes=\"(max-width: 600px) 100vw, 600px\" \/><\/a>\n\t\t\t<\/div>\n\t\t\t\t<figcaption class='wp-caption-text gallery-caption' id='gallery-3-2319'>\n\t\t\t\tARK MASS\u0130-140\n\t\t\t\t<\/figcaption><\/figure>\n\t\t<\/div>\n\t\t<\/div>\n\t\t\t\t<\/div>\n\t\t\t\t<\/div>\n\t\t\t\t\t\t<\/div>\n\t\t\t\t\t<\/div>\n\t\t<\/div>\n\t\t\t\t\t\t\t\t<\/div>\n\t\t\t\t\t<\/div>\n\t\t<\/section>\n\t\t\t\t\t\t<\/div>\n\t\t\t\t\t\t<\/div>\n\t\t\t\t\t<\/div>","protected":false},"excerpt":{"rendered":"<p>MAK\u0130NA MOTORLAR Alberto Sassi G 500 T1 G 500 T2 MF-84 Akar Akar ARC-135 Akar DAK-125 Akar DAK-135 Akar DAK-170 Akar DAK-190 Akar SMT-14BC Akar SMT-200 AC Ark ARK MASS\u0130-150 AYK-145 ARK-\u0130RM15 ARK-\u0130RM-20 ARK KAAN-135-ALM ARK MASS\u0130-140<\/p>","protected":false},"author":3,"featured_media":0,"parent":0,"menu_order":0,"comment_status":"closed","ping_status":"closed","template":"elementor_header_footer","meta":{"footnotes":""},"_links":{"self":[{"href":"https:\/\/kmtasansor.com\/fr\/wp-json\/wp\/v2\/pages\/2190"}],"collection":[{"href":"https:\/\/kmtasansor.com\/fr\/wp-json\/wp\/v2\/pages"}],"about":[{"href":"https:\/\/kmtasansor.com\/fr\/wp-json\/wp\/v2\/types\/page"}],"author":[{"embeddable":true,"href":"https:\/\/kmtasansor.com\/fr\/wp-json\/wp\/v2\/users\/3"}],"replies":[{"embeddable":true,"href":"https:\/\/kmtasansor.com\/fr\/wp-json\/wp\/v2\/comments?post=2190"}],"version-history":[{"count":0,"href":"https:\/\/kmtasansor.com\/fr\/wp-json\/wp\/v2\/pages\/2190\/revisions"}],"wp:attachment":[{"href":"https:\/\/kmtasansor.com\/fr\/wp-json\/wp\/v2\/media?parent=2190"}],"curies":[{"name":"wp","href":"https:\/\/api.w.org\/{rel}","templated":true}]}}