{"id":2330,"date":"2020-03-23T20:40:38","date_gmt":"2020-03-23T20:40:38","guid":{"rendered":"https:\/\/aterya.tam.net.tr\/?page_id=2330"},"modified":"2020-05-13T20:01:55","modified_gmt":"2020-05-13T20:01:55","slug":"hidrolik-motorlar","status":"publish","type":"page","link":"https:\/\/kmtasansor.com\/en\/hidrolik-motorlar\/","title":{"rendered":"Hydraulic Motors"},"content":{"rendered":"<div data-elementor-type=\"wp-post\" data-elementor-id=\"2330\" class=\"elementor elementor-2330\" data-elementor-settings=\"[]\">\n\t\t\t\t\t\t<div class=\"elementor-inner\">\n\t\t\t\t\t\t\t<div class=\"elementor-section-wrap\">\n\t\t\t\t\t\t\t<section class=\"has_eae_slider elementor-section elementor-top-section elementor-element elementor-element-04c56e4 elementor-section-boxed elementor-section-height-default elementor-section-height-default\" data-id=\"04c56e4\" data-element_type=\"section\" data-settings=\"{&quot;background_background&quot;:&quot;classic&quot;,&quot;ekit_section_parallax_bg_speed&quot;:0.6,&quot;ekit_section_parallax_bg&quot;:&quot;yes&quot;}\">\n\t\t\t\t\t\t<div class=\"elementor-container elementor-column-gap-default\">\n\t\t\t\t\t\t\t<div class=\"elementor-row\">\n\t\t\t\t\t<div class=\"has_eae_slider elementor-column elementor-col-100 elementor-top-column elementor-element elementor-element-c0afcf4\" data-id=\"c0afcf4\" data-element_type=\"column\">\n\t\t\t<div class=\"elementor-column-wrap elementor-element-populated\">\n\t\t\t\t\t\t\t<div class=\"elementor-widget-wrap\">\n\t\t\t\t\t\t<div class=\"elementor-element elementor-element-9fe77cb elementor-widget elementor-widget-elementskit-heading\" data-id=\"9fe77cb\" data-element_type=\"widget\" data-settings=\"{&quot;ekit_we_effect_on&quot;:&quot;none&quot;}\" data-widget_type=\"elementskit-heading.default\">\n\t\t\t\t<div class=\"elementor-widget-container\">\n\t\t\t<div class=\"ekit-wid-con\" ><div class=\"elementskit-section-title-wraper text_center   ekit_heading_tablet-   ekit_heading_mobile-\"><h2 class=\"elementskit-section-title\">\n\t\t\t\t\tH\u0130DROL\u0130K MOTORLAR\n\t\t\t\t<\/h2><\/div><\/div>\t\t<\/div>\n\t\t\t\t<\/div>\n\t\t\t\t\t\t<\/div>\n\t\t\t\t\t<\/div>\n\t\t<\/div>\n\t\t\t\t\t\t\t\t<\/div>\n\t\t\t\t\t<\/div>\n\t\t<\/section>\n\t\t\t\t<section class=\"has_eae_slider elementor-section elementor-top-section elementor-element elementor-element-7c69810 elementor-section-full_width elementor-hidden-phone elementor-section-height-default elementor-section-height-default\" data-id=\"7c69810\" data-element_type=\"section\" data-settings=\"{&quot;background_background&quot;:&quot;classic&quot;}\">\n\t\t\t\t\t\t<div class=\"elementor-container elementor-column-gap-default\">\n\t\t\t\t\t\t\t<div class=\"elementor-row\">\n\t\t\t\t\t<div class=\"has_eae_slider elementor-column elementor-col-100 elementor-top-column elementor-element elementor-element-1b331c8f\" data-id=\"1b331c8f\" data-element_type=\"column\">\n\t\t\t<div class=\"elementor-column-wrap elementor-element-populated\">\n\t\t\t\t\t\t\t<div class=\"elementor-widget-wrap\">\n\t\t\t\t\t\t<div class=\"elementor-element elementor-element-a9e0396 elementor-widget elementor-widget-heading\" data-id=\"a9e0396\" data-element_type=\"widget\" data-settings=\"{&quot;ekit_we_effect_on&quot;:&quot;none&quot;}\" data-widget_type=\"heading.default\">\n\t\t\t\t<div class=\"elementor-widget-container\">\n\t\t\t<h2 class=\"elementor-heading-title elementor-size-default\">Bucher Beringer<\/h2>\t\t<\/div>\n\t\t\t\t<\/div>\n\t\t\t\t<div class=\"elementor-element elementor-element-3f07b637 gallery-spacing-custom deneme elementor-widget elementor-widget-image-gallery\" data-id=\"3f07b637\" data-element_type=\"widget\" data-settings=\"{&quot;ekit_we_effect_on&quot;:&quot;none&quot;}\" data-widget_type=\"image-gallery.default\">\n\t\t\t\t<div class=\"elementor-widget-container\">\n\t\t\t\t\t<div class=\"elementor-image-gallery\">\n\t\t\t<div id='gallery-1' class='gallery galleryid-2330 gallery-columns-5 gallery-size-full'><figure class='gallery-item'>\n\t\t\t<div class='gallery-icon landscape'>\n\t\t\t\t<a data-elementor-open-lightbox=\"yes\" data-elementor-lightbox-slideshow=\"3f07b637\" href='https:\/\/kmtasansor.com\/wp-content\/uploads\/2019\/03\/BUCHER-BERI\u0307NGER-1-kopya-2.jpg'><img width=\"600\" height=\"600\" src=\"https:\/\/kmtasansor.com\/wp-content\/uploads\/2019\/03\/BUCHER-BERI\u0307NGER-1-kopya-2.jpg\" class=\"attachment-full size-full\" alt=\"\" decoding=\"async\" aria-describedby=\"gallery-1-2339\" loading=\"lazy\" srcset=\"https:\/\/kmtasansor.com\/wp-content\/uploads\/2019\/03\/BUCHER-BERI\u0307NGER-1-kopya-2.jpg 600w, https:\/\/kmtasansor.com\/wp-content\/uploads\/2019\/03\/BUCHER-BERI\u0307NGER-1-kopya-2-300x300.jpg 300w, https:\/\/kmtasansor.com\/wp-content\/uploads\/2019\/03\/BUCHER-BERI\u0307NGER-1-kopya-2-150x150.jpg 150w\" sizes=\"(max-width: 600px) 100vw, 600px\" \/><\/a>\n\t\t\t<\/div>\n\t\t\t\t<figcaption class='wp-caption-text gallery-caption' id='gallery-1-2339'>\n\t\t\t\tBucher Beringer-1\n\t\t\t\t<\/figcaption><\/figure><figure class='gallery-item'>\n\t\t\t<div class='gallery-icon landscape'>\n\t\t\t\t<a data-elementor-open-lightbox=\"yes\" data-elementor-lightbox-slideshow=\"3f07b637\" href='https:\/\/kmtasansor.com\/wp-content\/uploads\/2019\/03\/BUCHER-BERI\u0307NGER-2-kopya.jpg'><img width=\"600\" height=\"600\" src=\"https:\/\/kmtasansor.com\/wp-content\/uploads\/2019\/03\/BUCHER-BERI\u0307NGER-2-kopya.jpg\" class=\"attachment-full size-full\" alt=\"\" decoding=\"async\" aria-describedby=\"gallery-1-2340\" loading=\"lazy\" srcset=\"https:\/\/kmtasansor.com\/wp-content\/uploads\/2019\/03\/BUCHER-BERI\u0307NGER-2-kopya.jpg 600w, https:\/\/kmtasansor.com\/wp-content\/uploads\/2019\/03\/BUCHER-BERI\u0307NGER-2-kopya-300x300.jpg 300w, https:\/\/kmtasansor.com\/wp-content\/uploads\/2019\/03\/BUCHER-BERI\u0307NGER-2-kopya-150x150.jpg 150w\" sizes=\"(max-width: 600px) 100vw, 600px\" \/><\/a>\n\t\t\t<\/div>\n\t\t\t\t<figcaption class='wp-caption-text gallery-caption' id='gallery-1-2340'>\n\t\t\t\tBucher Beringer-2\n\t\t\t\t<\/figcaption><\/figure>\n\t\t<\/div>\n\t\t<\/div>\n\t\t\t\t<\/div>\n\t\t\t\t<\/div>\n\t\t\t\t\t\t<\/div>\n\t\t\t\t\t<\/div>\n\t\t<\/div>\n\t\t\t\t\t\t\t\t<\/div>\n\t\t\t\t\t<\/div>\n\t\t<\/section>\n\t\t\t\t<section class=\"has_eae_slider elementor-section elementor-top-section elementor-element elementor-element-cfc13c3 elementor-section-full_width elementor-hidden-phone elementor-section-height-default elementor-section-height-default\" data-id=\"cfc13c3\" data-element_type=\"section\" data-settings=\"{&quot;background_background&quot;:&quot;classic&quot;}\">\n\t\t\t\t\t\t<div class=\"elementor-container elementor-column-gap-default\">\n\t\t\t\t\t\t\t<div class=\"elementor-row\">\n\t\t\t\t\t<div class=\"has_eae_slider elementor-column elementor-col-100 elementor-top-column elementor-element elementor-element-5e95ccc\" data-id=\"5e95ccc\" data-element_type=\"column\">\n\t\t\t<div class=\"elementor-column-wrap elementor-element-populated\">\n\t\t\t\t\t\t\t<div class=\"elementor-widget-wrap\">\n\t\t\t\t\t\t<div class=\"elementor-element elementor-element-243c496 elementor-widget elementor-widget-heading\" data-id=\"243c496\" data-element_type=\"widget\" data-settings=\"{&quot;ekit_we_effect_on&quot;:&quot;none&quot;}\" data-widget_type=\"heading.default\">\n\t\t\t\t<div class=\"elementor-widget-container\">\n\t\t\t<h2 class=\"elementor-heading-title elementor-size-default\">GMV<\/h2>\t\t<\/div>\n\t\t\t\t<\/div>\n\t\t\t\t<div class=\"elementor-element elementor-element-5819a04 gallery-spacing-custom deneme elementor-widget elementor-widget-image-gallery\" data-id=\"5819a04\" data-element_type=\"widget\" data-settings=\"{&quot;ekit_we_effect_on&quot;:&quot;none&quot;}\" data-widget_type=\"image-gallery.default\">\n\t\t\t\t<div class=\"elementor-widget-container\">\n\t\t\t\t\t<div class=\"elementor-image-gallery\">\n\t\t\t<div id='gallery-2' class='gallery galleryid-2330 gallery-columns-5 gallery-size-large'><figure class='gallery-item'>\n\t\t\t<div class='gallery-icon landscape'>\n\t\t\t\t<a data-elementor-open-lightbox=\"yes\" data-elementor-lightbox-slideshow=\"5819a04\" href='https:\/\/kmtasansor.com\/wp-content\/uploads\/2020\/05\/gmv3.jpg'><img width=\"500\" height=\"500\" src=\"https:\/\/kmtasansor.com\/wp-content\/uploads\/2020\/05\/gmv3.jpg\" class=\"attachment-large size-large\" alt=\"\" decoding=\"async\" aria-describedby=\"gallery-2-3641\" loading=\"lazy\" srcset=\"https:\/\/kmtasansor.com\/wp-content\/uploads\/2020\/05\/gmv3.jpg 500w, https:\/\/kmtasansor.com\/wp-content\/uploads\/2020\/05\/gmv3-300x300.jpg 300w, https:\/\/kmtasansor.com\/wp-content\/uploads\/2020\/05\/gmv3-150x150.jpg 150w\" sizes=\"(max-width: 500px) 100vw, 500px\" \/><\/a>\n\t\t\t<\/div>\n\t\t\t\t<figcaption class='wp-caption-text gallery-caption' id='gallery-2-3641'>\n\t\t\t\tGMV\n\t\t\t\t<\/figcaption><\/figure><figure class='gallery-item'>\n\t\t\t<div class='gallery-icon landscape'>\n\t\t\t\t<a data-elementor-open-lightbox=\"yes\" data-elementor-lightbox-slideshow=\"5819a04\" href='https:\/\/kmtasansor.com\/wp-content\/uploads\/2020\/05\/gmv2.jpg'><img width=\"500\" height=\"500\" src=\"https:\/\/kmtasansor.com\/wp-content\/uploads\/2020\/05\/gmv2.jpg\" class=\"attachment-large size-large\" alt=\"\" decoding=\"async\" aria-describedby=\"gallery-2-3642\" loading=\"lazy\" srcset=\"https:\/\/kmtasansor.com\/wp-content\/uploads\/2020\/05\/gmv2.jpg 500w, https:\/\/kmtasansor.com\/wp-content\/uploads\/2020\/05\/gmv2-300x300.jpg 300w, https:\/\/kmtasansor.com\/wp-content\/uploads\/2020\/05\/gmv2-150x150.jpg 150w\" sizes=\"(max-width: 500px) 100vw, 500px\" \/><\/a>\n\t\t\t<\/div>\n\t\t\t\t<figcaption class='wp-caption-text gallery-caption' id='gallery-2-3642'>\n\t\t\t\tGMV\n\t\t\t\t<\/figcaption><\/figure><figure class='gallery-item'>\n\t\t\t<div class='gallery-icon landscape'>\n\t\t\t\t<a data-elementor-open-lightbox=\"yes\" data-elementor-lightbox-slideshow=\"5819a04\" href='https:\/\/kmtasansor.com\/wp-content\/uploads\/2020\/05\/gmv1.jpg'><img width=\"500\" height=\"500\" src=\"https:\/\/kmtasansor.com\/wp-content\/uploads\/2020\/05\/gmv1.jpg\" class=\"attachment-large size-large\" alt=\"\" decoding=\"async\" aria-describedby=\"gallery-2-3643\" loading=\"lazy\" srcset=\"https:\/\/kmtasansor.com\/wp-content\/uploads\/2020\/05\/gmv1.jpg 500w, https:\/\/kmtasansor.com\/wp-content\/uploads\/2020\/05\/gmv1-300x300.jpg 300w, https:\/\/kmtasansor.com\/wp-content\/uploads\/2020\/05\/gmv1-150x150.jpg 150w\" sizes=\"(max-width: 500px) 100vw, 500px\" \/><\/a>\n\t\t\t<\/div>\n\t\t\t\t<figcaption class='wp-caption-text gallery-caption' id='gallery-2-3643'>\n\t\t\t\tGMV\n\t\t\t\t<\/figcaption><\/figure>\n\t\t<\/div>\n\t\t<\/div>\n\t\t\t\t<\/div>\n\t\t\t\t<\/div>\n\t\t\t\t\t\t<\/div>\n\t\t\t\t\t<\/div>\n\t\t<\/div>\n\t\t\t\t\t\t\t\t<\/div>\n\t\t\t\t\t<\/div>\n\t\t<\/section>\n\t\t\t\t<section class=\"has_eae_slider elementor-section elementor-top-section elementor-element elementor-element-42d2773 elementor-section-full_width elementor-hidden-phone elementor-section-height-default elementor-section-height-default\" data-id=\"42d2773\" data-element_type=\"section\" data-settings=\"{&quot;background_background&quot;:&quot;classic&quot;}\">\n\t\t\t\t\t\t<div class=\"elementor-container elementor-column-gap-default\">\n\t\t\t\t\t\t\t<div class=\"elementor-row\">\n\t\t\t\t\t<div class=\"has_eae_slider elementor-column elementor-col-100 elementor-top-column elementor-element elementor-element-4db6e74\" data-id=\"4db6e74\" data-element_type=\"column\">\n\t\t\t<div class=\"elementor-column-wrap elementor-element-populated\">\n\t\t\t\t\t\t\t<div class=\"elementor-widget-wrap\">\n\t\t\t\t\t\t<div class=\"elementor-element elementor-element-4fb1568 elementor-widget elementor-widget-heading\" data-id=\"4fb1568\" data-element_type=\"widget\" data-settings=\"{&quot;ekit_we_effect_on&quot;:&quot;none&quot;}\" data-widget_type=\"heading.default\">\n\t\t\t\t<div class=\"elementor-widget-container\">\n\t\t\t<h2 class=\"elementor-heading-title elementor-size-default\">Kleeman<\/h2>\t\t<\/div>\n\t\t\t\t<\/div>\n\t\t\t\t<div class=\"elementor-element elementor-element-b72b0b6 gallery-spacing-custom deneme elementor-widget elementor-widget-image-gallery\" data-id=\"b72b0b6\" data-element_type=\"widget\" data-settings=\"{&quot;ekit_we_effect_on&quot;:&quot;none&quot;}\" data-widget_type=\"image-gallery.default\">\n\t\t\t\t<div class=\"elementor-widget-container\">\n\t\t\t\t\t<div class=\"elementor-image-gallery\">\n\t\t\t<div id='gallery-3' class='gallery galleryid-2330 gallery-columns-5 gallery-size-full'><figure class='gallery-item'>\n\t\t\t<div class='gallery-icon landscape'>\n\t\t\t\t<a data-elementor-open-lightbox=\"yes\" data-elementor-lightbox-slideshow=\"b72b0b6\" href='https:\/\/kmtasansor.com\/wp-content\/uploads\/2019\/03\/KLEEMAN-HI\u0307DROLI\u0307K-MOTOR-2-kopya.jpg'><img width=\"600\" height=\"600\" src=\"https:\/\/kmtasansor.com\/wp-content\/uploads\/2019\/03\/KLEEMAN-HI\u0307DROLI\u0307K-MOTOR-2-kopya.jpg\" class=\"attachment-full size-full\" alt=\"\" decoding=\"async\" aria-describedby=\"gallery-3-2345\" loading=\"lazy\" srcset=\"https:\/\/kmtasansor.com\/wp-content\/uploads\/2019\/03\/KLEEMAN-HI\u0307DROLI\u0307K-MOTOR-2-kopya.jpg 600w, https:\/\/kmtasansor.com\/wp-content\/uploads\/2019\/03\/KLEEMAN-HI\u0307DROLI\u0307K-MOTOR-2-kopya-300x300.jpg 300w, https:\/\/kmtasansor.com\/wp-content\/uploads\/2019\/03\/KLEEMAN-HI\u0307DROLI\u0307K-MOTOR-2-kopya-150x150.jpg 150w\" sizes=\"(max-width: 600px) 100vw, 600px\" \/><\/a>\n\t\t\t<\/div>\n\t\t\t\t<figcaption class='wp-caption-text gallery-caption' id='gallery-3-2345'>\n\t\t\t\tKleeman Hidrolik Motor 2\n\t\t\t\t<\/figcaption><\/figure><figure class='gallery-item'>\n\t\t\t<div class='gallery-icon landscape'>\n\t\t\t\t<a data-elementor-open-lightbox=\"yes\" data-elementor-lightbox-slideshow=\"b72b0b6\" href='https:\/\/kmtasansor.com\/wp-content\/uploads\/2019\/03\/KLEEMANN-HI\u0307DROLI\u0307K-MOTOR-01-kopya.jpg'><img width=\"600\" height=\"600\" src=\"https:\/\/kmtasansor.com\/wp-content\/uploads\/2019\/03\/KLEEMANN-HI\u0307DROLI\u0307K-MOTOR-01-kopya.jpg\" class=\"attachment-full size-full\" alt=\"\" decoding=\"async\" aria-describedby=\"gallery-3-2346\" loading=\"lazy\" srcset=\"https:\/\/kmtasansor.com\/wp-content\/uploads\/2019\/03\/KLEEMANN-HI\u0307DROLI\u0307K-MOTOR-01-kopya.jpg 600w, https:\/\/kmtasansor.com\/wp-content\/uploads\/2019\/03\/KLEEMANN-HI\u0307DROLI\u0307K-MOTOR-01-kopya-300x300.jpg 300w, https:\/\/kmtasansor.com\/wp-content\/uploads\/2019\/03\/KLEEMANN-HI\u0307DROLI\u0307K-MOTOR-01-kopya-150x150.jpg 150w\" sizes=\"(max-width: 600px) 100vw, 600px\" \/><\/a>\n\t\t\t<\/div>\n\t\t\t\t<figcaption class='wp-caption-text gallery-caption' id='gallery-3-2346'>\n\t\t\t\tKleeman Hidrolik Motor 01\n\t\t\t\t<\/figcaption><\/figure><figure class='gallery-item'>\n\t\t\t<div class='gallery-icon landscape'>\n\t\t\t\t<a data-elementor-open-lightbox=\"yes\" data-elementor-lightbox-slideshow=\"b72b0b6\" href='https:\/\/kmtasansor.com\/wp-content\/uploads\/2019\/03\/KLEEMANN-kopya-1.jpg'><img width=\"600\" height=\"600\" src=\"https:\/\/kmtasansor.com\/wp-content\/uploads\/2019\/03\/KLEEMANN-kopya-1.jpg\" class=\"attachment-full size-full\" alt=\"\" decoding=\"async\" aria-describedby=\"gallery-3-2347\" loading=\"lazy\" srcset=\"https:\/\/kmtasansor.com\/wp-content\/uploads\/2019\/03\/KLEEMANN-kopya-1.jpg 600w, https:\/\/kmtasansor.com\/wp-content\/uploads\/2019\/03\/KLEEMANN-kopya-1-300x300.jpg 300w, https:\/\/kmtasansor.com\/wp-content\/uploads\/2019\/03\/KLEEMANN-kopya-1-150x150.jpg 150w\" sizes=\"(max-width: 600px) 100vw, 600px\" \/><\/a>\n\t\t\t<\/div>\n\t\t\t\t<figcaption class='wp-caption-text gallery-caption' id='gallery-3-2347'>\n\t\t\t\tKleemann\n\t\t\t\t<\/figcaption><\/figure>\n\t\t<\/div>\n\t\t<\/div>\n\t\t\t\t<\/div>\n\t\t\t\t<\/div>\n\t\t\t\t\t\t<\/div>\n\t\t\t\t\t<\/div>\n\t\t<\/div>\n\t\t\t\t\t\t\t\t<\/div>\n\t\t\t\t\t<\/div>\n\t\t<\/section>\n\t\t\t\t<section class=\"has_eae_slider elementor-section elementor-top-section elementor-element elementor-element-8cfd089 elementor-section-full_width elementor-hidden-phone elementor-section-height-default elementor-section-height-default\" data-id=\"8cfd089\" data-element_type=\"section\" data-settings=\"{&quot;background_background&quot;:&quot;classic&quot;}\">\n\t\t\t\t\t\t<div class=\"elementor-container elementor-column-gap-default\">\n\t\t\t\t\t\t\t<div class=\"elementor-row\">\n\t\t\t\t\t<div class=\"has_eae_slider elementor-column elementor-col-100 elementor-top-column elementor-element elementor-element-7d73687\" data-id=\"7d73687\" data-element_type=\"column\">\n\t\t\t<div class=\"elementor-column-wrap elementor-element-populated\">\n\t\t\t\t\t\t\t<div class=\"elementor-widget-wrap\">\n\t\t\t\t\t\t<div class=\"elementor-element elementor-element-5d91015 elementor-widget elementor-widget-heading\" data-id=\"5d91015\" data-element_type=\"widget\" data-settings=\"{&quot;ekit_we_effect_on&quot;:&quot;none&quot;}\" data-widget_type=\"heading.default\">\n\t\t\t\t<div class=\"elementor-widget-container\">\n\t\t\t<h2 class=\"elementor-heading-title elementor-size-default\">Moris<\/h2>\t\t<\/div>\n\t\t\t\t<\/div>\n\t\t\t\t<div class=\"elementor-element elementor-element-53570ce gallery-spacing-custom deneme elementor-widget elementor-widget-image-gallery\" data-id=\"53570ce\" data-element_type=\"widget\" data-settings=\"{&quot;ekit_we_effect_on&quot;:&quot;none&quot;}\" data-widget_type=\"image-gallery.default\">\n\t\t\t\t<div class=\"elementor-widget-container\">\n\t\t\t\t\t<div class=\"elementor-image-gallery\">\n\t\t\t<div id='gallery-4' class='gallery galleryid-2330 gallery-columns-5 gallery-size-full'><figure class='gallery-item'>\n\t\t\t<div class='gallery-icon landscape'>\n\t\t\t\t<a data-elementor-open-lightbox=\"yes\" data-elementor-lightbox-slideshow=\"53570ce\" href='https:\/\/kmtasansor.com\/wp-content\/uploads\/2019\/03\/MORE-HI\u0307DROLI\u0307K-MOTOR-kopya.jpg'><img width=\"600\" height=\"600\" src=\"https:\/\/kmtasansor.com\/wp-content\/uploads\/2019\/03\/MORE-HI\u0307DROLI\u0307K-MOTOR-kopya.jpg\" class=\"attachment-full size-full\" alt=\"\" decoding=\"async\" aria-describedby=\"gallery-4-2348\" loading=\"lazy\" srcset=\"https:\/\/kmtasansor.com\/wp-content\/uploads\/2019\/03\/MORE-HI\u0307DROLI\u0307K-MOTOR-kopya.jpg 600w, https:\/\/kmtasansor.com\/wp-content\/uploads\/2019\/03\/MORE-HI\u0307DROLI\u0307K-MOTOR-kopya-300x300.jpg 300w, https:\/\/kmtasansor.com\/wp-content\/uploads\/2019\/03\/MORE-HI\u0307DROLI\u0307K-MOTOR-kopya-150x150.jpg 150w\" sizes=\"(max-width: 600px) 100vw, 600px\" \/><\/a>\n\t\t\t<\/div>\n\t\t\t\t<figcaption class='wp-caption-text gallery-caption' id='gallery-4-2348'>\n\t\t\t\tMore Hidrolik Motor\n\t\t\t\t<\/figcaption><\/figure><figure class='gallery-item'>\n\t\t\t<div class='gallery-icon landscape'>\n\t\t\t\t<a data-elementor-open-lightbox=\"yes\" data-elementor-lightbox-slideshow=\"53570ce\" href='https:\/\/kmtasansor.com\/wp-content\/uploads\/2019\/03\/MORE-pompa_unit01-kopya-1.jpg'><img width=\"600\" height=\"600\" src=\"https:\/\/kmtasansor.com\/wp-content\/uploads\/2019\/03\/MORE-pompa_unit01-kopya-1.jpg\" class=\"attachment-full size-full\" alt=\"\" decoding=\"async\" aria-describedby=\"gallery-4-2349\" loading=\"lazy\" srcset=\"https:\/\/kmtasansor.com\/wp-content\/uploads\/2019\/03\/MORE-pompa_unit01-kopya-1.jpg 600w, https:\/\/kmtasansor.com\/wp-content\/uploads\/2019\/03\/MORE-pompa_unit01-kopya-1-300x300.jpg 300w, https:\/\/kmtasansor.com\/wp-content\/uploads\/2019\/03\/MORE-pompa_unit01-kopya-1-150x150.jpg 150w\" sizes=\"(max-width: 600px) 100vw, 600px\" \/><\/a>\n\t\t\t<\/div>\n\t\t\t\t<figcaption class='wp-caption-text gallery-caption' id='gallery-4-2349'>\n\t\t\t\tMore Pompa Unit01\n\t\t\t\t<\/figcaption><\/figure><figure class='gallery-item'>\n\t\t\t<div class='gallery-icon landscape'>\n\t\t\t\t<a data-elementor-open-lightbox=\"yes\" data-elementor-lightbox-slideshow=\"53570ce\" href='https:\/\/kmtasansor.com\/wp-content\/uploads\/2019\/03\/MORE-POMPA-U\u0308NI\u0307TE-kopya.jpg'><img width=\"600\" height=\"600\" src=\"https:\/\/kmtasansor.com\/wp-content\/uploads\/2019\/03\/MORE-POMPA-U\u0308NI\u0307TE-kopya.jpg\" class=\"attachment-full size-full\" alt=\"\" decoding=\"async\" aria-describedby=\"gallery-4-2351\" loading=\"lazy\" srcset=\"https:\/\/kmtasansor.com\/wp-content\/uploads\/2019\/03\/MORE-POMPA-U\u0308NI\u0307TE-kopya.jpg 600w, https:\/\/kmtasansor.com\/wp-content\/uploads\/2019\/03\/MORE-POMPA-U\u0308NI\u0307TE-kopya-300x300.jpg 300w, https:\/\/kmtasansor.com\/wp-content\/uploads\/2019\/03\/MORE-POMPA-U\u0308NI\u0307TE-kopya-150x150.jpg 150w\" sizes=\"(max-width: 600px) 100vw, 600px\" \/><\/a>\n\t\t\t<\/div>\n\t\t\t\t<figcaption class='wp-caption-text gallery-caption' id='gallery-4-2351'>\n\t\t\t\tMore Pompa \u00dcnite\n\t\t\t\t<\/figcaption><\/figure>\n\t\t<\/div>\n\t\t<\/div>\n\t\t\t\t<\/div>\n\t\t\t\t<\/div>\n\t\t\t\t\t\t<\/div>\n\t\t\t\t\t<\/div>\n\t\t<\/div>\n\t\t\t\t\t\t\t\t<\/div>\n\t\t\t\t\t<\/div>\n\t\t<\/section>\n\t\t\t\t<section class=\"has_eae_slider elementor-section elementor-top-section elementor-element elementor-element-b233298 elementor-section-full_width elementor-hidden-phone elementor-section-height-default elementor-section-height-default\" data-id=\"b233298\" data-element_type=\"section\" data-settings=\"{&quot;background_background&quot;:&quot;classic&quot;}\">\n\t\t\t\t\t\t<div class=\"elementor-container elementor-column-gap-default\">\n\t\t\t\t\t\t\t<div class=\"elementor-row\">\n\t\t\t\t\t<div class=\"has_eae_slider elementor-column elementor-col-100 elementor-top-column elementor-element elementor-element-9823c76\" data-id=\"9823c76\" data-element_type=\"column\">\n\t\t\t<div class=\"elementor-column-wrap elementor-element-populated\">\n\t\t\t\t\t\t\t<div class=\"elementor-widget-wrap\">\n\t\t\t\t\t\t<div class=\"elementor-element elementor-element-477e38d elementor-widget elementor-widget-heading\" data-id=\"477e38d\" data-element_type=\"widget\" data-settings=\"{&quot;ekit_we_effect_on&quot;:&quot;none&quot;}\" data-widget_type=\"heading.default\">\n\t\t\t\t<div class=\"elementor-widget-container\">\n\t\t\t<h2 class=\"elementor-heading-title elementor-size-default\">Omarlift<\/h2>\t\t<\/div>\n\t\t\t\t<\/div>\n\t\t\t\t<div class=\"elementor-element elementor-element-27c505f gallery-spacing-custom deneme elementor-widget elementor-widget-image-gallery\" data-id=\"27c505f\" data-element_type=\"widget\" data-settings=\"{&quot;ekit_we_effect_on&quot;:&quot;none&quot;}\" data-widget_type=\"image-gallery.default\">\n\t\t\t\t<div class=\"elementor-widget-container\">\n\t\t\t\t\t<div class=\"elementor-image-gallery\">\n\t\t\t<div id='gallery-5' class='gallery galleryid-2330 gallery-columns-5 gallery-size-full'><figure class='gallery-item'>\n\t\t\t<div class='gallery-icon landscape'>\n\t\t\t\t<a data-elementor-open-lightbox=\"yes\" data-elementor-lightbox-slideshow=\"27c505f\" href='https:\/\/kmtasansor.com\/wp-content\/uploads\/2019\/03\/omarlift-hidrolik-gu\u0308c\u0327-u\u0308nitesi-kopya-1.jpg'><img width=\"600\" height=\"600\" src=\"https:\/\/kmtasansor.com\/wp-content\/uploads\/2019\/03\/omarlift-hidrolik-gu\u0308c\u0327-u\u0308nitesi-kopya-1.jpg\" class=\"attachment-full size-full\" alt=\"\" decoding=\"async\" aria-describedby=\"gallery-5-2353\" loading=\"lazy\" srcset=\"https:\/\/kmtasansor.com\/wp-content\/uploads\/2019\/03\/omarlift-hidrolik-gu\u0308c\u0327-u\u0308nitesi-kopya-1.jpg 600w, https:\/\/kmtasansor.com\/wp-content\/uploads\/2019\/03\/omarlift-hidrolik-gu\u0308c\u0327-u\u0308nitesi-kopya-1-300x300.jpg 300w, https:\/\/kmtasansor.com\/wp-content\/uploads\/2019\/03\/omarlift-hidrolik-gu\u0308c\u0327-u\u0308nitesi-kopya-1-150x150.jpg 150w\" sizes=\"(max-width: 600px) 100vw, 600px\" \/><\/a>\n\t\t\t<\/div>\n\t\t\t\t<figcaption class='wp-caption-text gallery-caption' id='gallery-5-2353'>\n\t\t\t\tOmarlift Hidrolik G\u00fc\u00e7 \u00dcnitesi\n\t\t\t\t<\/figcaption><\/figure>\n\t\t<\/div>\n\t\t<\/div>\n\t\t\t\t<\/div>\n\t\t\t\t<\/div>\n\t\t\t\t\t\t<\/div>\n\t\t\t\t\t<\/div>\n\t\t<\/div>\n\t\t\t\t\t\t\t\t<\/div>\n\t\t\t\t\t<\/div>\n\t\t<\/section>\n\t\t\t\t\t\t<\/div>\n\t\t\t\t\t\t<\/div>\n\t\t\t\t\t<\/div>","protected":false},"excerpt":{"rendered":"<p>H\u0130DROL\u0130K MOTORLAR Bucher Beringer Bucher Beringer-1 Bucher Beringer-2 GMV GMV GMV GMV Kleeman Kleeman Hidrolik Motor 2 Kleeman Hidrolik Motor 01 Kleemann Moris More Hidrolik Motor More Pompa Unit01 More Pompa \u00dcnite Omarlift Omarlift Hidrolik G\u00fc\u00e7 \u00dcnitesi<\/p>","protected":false},"author":3,"featured_media":0,"parent":0,"menu_order":0,"comment_status":"closed","ping_status":"closed","template":"elementor_header_footer","meta":{"footnotes":""},"_links":{"self":[{"href":"https:\/\/kmtasansor.com\/en\/wp-json\/wp\/v2\/pages\/2330"}],"collection":[{"href":"https:\/\/kmtasansor.com\/en\/wp-json\/wp\/v2\/pages"}],"about":[{"href":"https:\/\/kmtasansor.com\/en\/wp-json\/wp\/v2\/types\/page"}],"author":[{"embeddable":true,"href":"https:\/\/kmtasansor.com\/en\/wp-json\/wp\/v2\/users\/3"}],"replies":[{"embeddable":true,"href":"https:\/\/kmtasansor.com\/en\/wp-json\/wp\/v2\/comments?post=2330"}],"version-history":[{"count":0,"href":"https:\/\/kmtasansor.com\/en\/wp-json\/wp\/v2\/pages\/2330\/revisions"}],"wp:attachment":[{"href":"https:\/\/kmtasansor.com\/en\/wp-json\/wp\/v2\/media?parent=2330"}],"curies":[{"name":"wp","href":"https:\/\/api.w.org\/{rel}","templated":true}]}}