{"id":3495,"date":"2020-04-20T21:41:24","date_gmt":"2020-04-20T21:41:24","guid":{"rendered":"https:\/\/aterya.tam.net.tr\/?page_id=3495"},"modified":"2020-04-20T21:46:35","modified_gmt":"2020-04-20T21:46:35","slug":"bayi-girisi","status":"publish","type":"page","link":"https:\/\/kmtasansor.com\/ar\/bayi-girisi\/","title":{"rendered":"Bayi Giri\u015fi"},"content":{"rendered":"<div data-elementor-type=\"wp-page\" data-elementor-id=\"3495\" class=\"elementor elementor-3495\" data-elementor-settings=\"[]\">\n\t\t\t\t\t\t<div class=\"elementor-inner\">\n\t\t\t\t\t\t\t<div class=\"elementor-section-wrap\">\n\t\t\t\t\t\t\t<section class=\"has_eae_slider elementor-section elementor-top-section elementor-element elementor-element-4bcbf601 elementor-section-height-min-height elementor-section-content-middle elementor-section-boxed elementor-section-height-default elementor-section-items-middle\" data-id=\"4bcbf601\" data-element_type=\"section\" data-settings=\"{&quot;background_background&quot;:&quot;classic&quot;}\">\n\t\t\t\t\t\t<div class=\"elementor-container elementor-column-gap-no\">\n\t\t\t\t\t\t\t<div class=\"elementor-row\">\n\t\t\t\t\t<div class=\"has_eae_slider elementor-column elementor-col-100 elementor-top-column elementor-element elementor-element-73f33aaa\" data-id=\"73f33aaa\" data-element_type=\"column\" data-settings=\"{&quot;background_background&quot;:&quot;none&quot;}\">\n\t\t\t<div class=\"elementor-column-wrap elementor-element-populated\">\n\t\t\t\t\t\t\t<div class=\"elementor-widget-wrap\">\n\t\t\t\t\t\t<section class=\"has_eae_slider elementor-section elementor-inner-section elementor-element elementor-element-6dfd1309 elementor-section-height-min-height elementor-section-content-middle elementor-section-boxed elementor-section-height-default\" data-id=\"6dfd1309\" data-element_type=\"section\">\n\t\t\t\t\t\t<div class=\"elementor-container elementor-column-gap-default\">\n\t\t\t\t\t\t\t<div class=\"elementor-row\">\n\t\t\t\t\t<div class=\"has_eae_slider elementor-column elementor-col-50 elementor-inner-column elementor-element elementor-element-72dc6be7\" data-id=\"72dc6be7\" data-element_type=\"column\" data-settings=\"{&quot;background_background&quot;:&quot;gradient&quot;}\">\n\t\t\t<div class=\"elementor-column-wrap elementor-element-populated\">\n\t\t\t\t\t\t\t<div class=\"elementor-widget-wrap\">\n\t\t\t\t\t\t<div class=\"elementor-element elementor-element-d420997 elementor-widget elementor-widget-heading\" data-id=\"d420997\" data-element_type=\"widget\" data-settings=\"{&quot;ekit_we_effect_on&quot;:&quot;none&quot;}\" data-widget_type=\"heading.default\">\n\t\t\t\t<div class=\"elementor-widget-container\">\n\t\t\t<h2 class=\"elementor-heading-title elementor-size-default\">\u064a\u0645\u0643\u0646 \u0627\u0644\u0648\u0635\u0648\u0644 \u0625\u0644\u0649 \u0628\u0639\u0636 \u0627\u0644\u0645\u062d\u062a\u0648\u0649 \u0627\u0644\u062e\u0627\u0635 \u0628\u0646\u0627 \u0641\u0642\u0637 \u0645\u0646 \u0642\u0628\u0644 \u0645\u0648\u0632\u0639\u064a\u0646\u0627<\/h2>\t\t<\/div>\n\t\t\t\t<\/div>\n\t\t\t\t<div class=\"elementor-element elementor-element-6095428b elementor-widget elementor-widget-text-editor\" data-id=\"6095428b\" data-element_type=\"widget\" data-settings=\"{&quot;ekit_we_effect_on&quot;:&quot;none&quot;}\" data-widget_type=\"text-editor.default\">\n\t\t\t\t<div class=\"elementor-widget-container\">\n\t\t\t\t\t<div class=\"elementor-text-editor elementor-clearfix\"><p><span style=\"color: #000000;\"><a style=\"color: #000000;\" href=\"https:\/\/kmtasansor.com\/ar\/bayilik-basvurusu\/\">\u0627\u0646\u0642\u0631 \u0647\u0646\u0627 \u0644\u062a\u0642\u062f\u064a\u0645 \u0637\u0644\u0628 \u0627\u0644\u062a\u0627\u062c\u0631 \u0639\u0644\u0649 \u0627\u0644\u0641\u0648\u0631.<\/a><\/span><\/p><\/div>\n\t\t\t\t<\/div>\n\t\t\t\t<\/div>\n\t\t\t\t\t\t<\/div>\n\t\t\t\t\t<\/div>\n\t\t<\/div>\n\t\t\t\t<div class=\"has_eae_slider elementor-column elementor-col-50 elementor-inner-column elementor-element elementor-element-99cf0f7\" data-id=\"99cf0f7\" data-element_type=\"column\" data-settings=\"{&quot;background_background&quot;:&quot;classic&quot;}\">\n\t\t\t<div class=\"elementor-column-wrap elementor-element-populated\">\n\t\t\t\t\t\t\t<div class=\"elementor-widget-wrap\">\n\t\t\t\t\t\t<div class=\"elementor-element elementor-element-3cf86875 elementor-button-align-stretch elementor-widget elementor-widget-login\" data-id=\"3cf86875\" data-element_type=\"widget\" data-settings=\"{&quot;ekit_we_effect_on&quot;:&quot;none&quot;}\" data-widget_type=\"login.default\">\n\t\t\t\t<div class=\"elementor-widget-container\">\n\t\t\t\t\t<form class=\"elementor-login elementor-form\" method=\"post\" action=\"https:\/\/kmtasansor.com\/wp-login.php\" data-trp-original-action=\"https:\/\/kmtasansor.com\/wp-login.php\">\n\t\t\t<input type=\"hidden\" name=\"redirect_to\" value=\"\/dokumanlar\">\n\t\t\t<div class=\"elementor-form-fields-wrapper\">\n\t\t\t\t<div class=\"elementor-field-type-text elementor-field-group elementor-column elementor-col-100 elementor-field-required\">\n\t\t\t\t\t<label for=\"user\">\u0628\u0631\u064a\u062f \u0625\u0644\u0643\u062a\u0631\u0648\u0646\u064a<\/label><input size=\"1\" type=\"text\" name=\"log\" id=\"user\" placeholder=\"...\" class=\"elementor-field elementor-field-textual elementor-size-sm\">\t\t\t\t<\/div>\n\t\t\t\t<div class=\"elementor-field-type-text elementor-field-group elementor-column elementor-col-100 elementor-field-required\">\n\t\t\t\t\t<label for=\"password\">\u0643\u0644\u0645\u0647 \u0627\u0644\u0633\u0631<\/label><input size=\"1\" type=\"password\" name=\"pwd\" id=\"password\" placeholder=\"...\" class=\"elementor-field elementor-field-textual elementor-size-sm\">\t\t\t\t<\/div>\n\n\t\t\t\t\n\t\t\t\t<div class=\"elementor-field-group elementor-column elementor-field-type-submit elementor-col-100\">\n\t\t\t\t\t<button type=\"submit\" class=\"elementor-size-md elementor-button\" name=\"wp-submit\">\n\t\t\t\t\t\t\t\t\t\t\t\t\t\t\t<span class=\"elementor-button-text\">\u062a\u0633\u062c\u064a\u0644 \u0627\u0644\u062f\u062e\u0648\u0644<\/span>\n\t\t\t\t\t\t\t\t\t\t\t\t<\/button>\n\t\t\t\t<\/div>\n\n\t\t\t\t\t\t\t<\/div>\n\t\t<input type=\"hidden\" name=\"trp-form-language\" value=\"ar\"\/><\/form>\n\t\t\t\t<\/div>\n\t\t\t\t<\/div>\n\t\t\t\t\t\t<\/div>\n\t\t\t\t\t<\/div>\n\t\t<\/div>\n\t\t\t\t\t\t\t\t<\/div>\n\t\t\t\t\t<\/div>\n\t\t<\/section>\n\t\t\t\t\t\t<\/div>\n\t\t\t\t\t<\/div>\n\t\t<\/div>\n\t\t\t\t\t\t\t\t<\/div>\n\t\t\t\t\t<\/div>\n\t\t<\/section>\n\t\t\t\t\t\t<\/div>\n\t\t\t\t\t\t<\/div>\n\t\t\t\t\t<\/div>","protected":false},"excerpt":{"rendered":"<p>Baz\u0131 i\u00e7eriklerimize sadece bayilerimiz ula\u015fabilir. Hemen bayi ba\u015fvurusu yapmak i\u00e7in buraya t\u0131klay\u0131n.<\/p>","protected":false},"author":3,"featured_media":0,"parent":0,"menu_order":0,"comment_status":"closed","ping_status":"closed","template":"elementor_header_footer","meta":{"footnotes":""},"_links":{"self":[{"href":"https:\/\/kmtasansor.com\/ar\/wp-json\/wp\/v2\/pages\/3495"}],"collection":[{"href":"https:\/\/kmtasansor.com\/ar\/wp-json\/wp\/v2\/pages"}],"about":[{"href":"https:\/\/kmtasansor.com\/ar\/wp-json\/wp\/v2\/types\/page"}],"author":[{"embeddable":true,"href":"https:\/\/kmtasansor.com\/ar\/wp-json\/wp\/v2\/users\/3"}],"replies":[{"embeddable":true,"href":"https:\/\/kmtasansor.com\/ar\/wp-json\/wp\/v2\/comments?post=3495"}],"version-history":[{"count":0,"href":"https:\/\/kmtasansor.com\/ar\/wp-json\/wp\/v2\/pages\/3495\/revisions"}],"wp:attachment":[{"href":"https:\/\/kmtasansor.com\/ar\/wp-json\/wp\/v2\/media?parent=3495"}],"curies":[{"name":"wp","href":"https:\/\/api.w.org\/{rel}","templated":true}]}}