{"id":3020,"date":"2020-04-01T23:00:28","date_gmt":"2020-04-01T23:00:28","guid":{"rendered":"https:\/\/aterya.tam.net.tr\/?page_id=3020"},"modified":"2023-04-16T11:33:08","modified_gmt":"2023-04-16T11:33:08","slug":"kat-kapilari","status":"publish","type":"page","link":"https:\/\/kmtasansor.com\/ar\/kat-kapilari\/","title":{"rendered":"\u0623\u0628\u0648\u0627\u0628 \u0623\u0631\u0636\u064a\u0629"},"content":{"rendered":"<div data-elementor-type=\"wp-page\" data-elementor-id=\"3020\" class=\"elementor elementor-3020\" data-elementor-settings=\"[]\">\n\t\t\t\t\t\t<div class=\"elementor-inner\">\n\t\t\t\t\t\t\t<div class=\"elementor-section-wrap\">\n\t\t\t\t\t\t\t<section class=\"has_eae_slider elementor-section elementor-top-section elementor-element elementor-element-de7e67c elementor-section-boxed elementor-section-height-default elementor-section-height-default\" data-id=\"de7e67c\" data-element_type=\"section\" data-settings=\"{&quot;background_background&quot;:&quot;classic&quot;,&quot;ekit_section_parallax_bg_speed&quot;:0.6,&quot;ekit_section_parallax_bg&quot;:&quot;yes&quot;}\">\n\t\t\t\t\t\t<div class=\"elementor-container elementor-column-gap-default\">\n\t\t\t\t\t\t\t<div class=\"elementor-row\">\n\t\t\t\t\t<div class=\"has_eae_slider elementor-column elementor-col-100 elementor-top-column elementor-element elementor-element-f74d1b9\" data-id=\"f74d1b9\" data-element_type=\"column\">\n\t\t\t<div class=\"elementor-column-wrap elementor-element-populated\">\n\t\t\t\t\t\t\t<div class=\"elementor-widget-wrap\">\n\t\t\t\t\t\t<div class=\"elementor-element elementor-element-92e3957 elementor-widget elementor-widget-elementskit-heading\" data-id=\"92e3957\" data-element_type=\"widget\" data-settings=\"{&quot;ekit_we_effect_on&quot;:&quot;none&quot;}\" data-widget_type=\"elementskit-heading.default\">\n\t\t\t\t<div class=\"elementor-widget-container\">\n\t\t\t<div class=\"ekit-wid-con\" ><div class=\"elementskit-section-title-wraper text_center   ekit_heading_tablet-   ekit_heading_mobile-\"><h2 class=\"elementskit-section-title\">\n\t\t\t\t\tKAT KAPILARI\n\t\t\t\t<\/h2><\/div><\/div>\t\t<\/div>\n\t\t\t\t<\/div>\n\t\t\t\t\t\t<\/div>\n\t\t\t\t\t<\/div>\n\t\t<\/div>\n\t\t\t\t\t\t\t\t<\/div>\n\t\t\t\t\t<\/div>\n\t\t<\/section>\n\t\t\t\t<section class=\"has_eae_slider elementor-section elementor-top-section elementor-element elementor-element-c9f158e elementor-section-full_width elementor-section-height-default elementor-section-height-default\" data-id=\"c9f158e\" data-element_type=\"section\" data-settings=\"{&quot;background_background&quot;:&quot;classic&quot;,&quot;ekit_section_parallax_bg_speed&quot;:0.6,&quot;ekit_section_parallax_bg&quot;:&quot;yes&quot;}\">\n\t\t\t\t\t\t<div class=\"elementor-container elementor-column-gap-default\">\n\t\t\t\t\t\t\t<div class=\"elementor-row\">\n\t\t\t\t\t<div class=\"has_eae_slider elementor-column elementor-col-100 elementor-top-column elementor-element elementor-element-d15bdba\" data-id=\"d15bdba\" data-element_type=\"column\">\n\t\t\t<div class=\"elementor-column-wrap elementor-element-populated\">\n\t\t\t\t\t\t\t<div class=\"elementor-widget-wrap\">\n\t\t\t\t\t\t<div class=\"elementor-element elementor-element-15619ec elementor-widget elementor-widget-wp-widget-bcn_widget\" data-id=\"15619ec\" data-element_type=\"widget\" data-settings=\"{&quot;ekit_we_effect_on&quot;:&quot;none&quot;}\" data-widget_type=\"wp-widget-bcn_widget.default\">\n\t\t\t\t<div class=\"elementor-widget-container\">\n\t\t\t<div class=\"breadcrumbs\" vocab=\"https:\/\/schema.org\/\" typeof=\"BreadcrumbList\"><!-- Breadcrumb NavXT 6.4.0 -->\n<span property=\"itemListElement\" typeof=\"ListItem\"><a property=\"item\" typeof=\"WebPage\" title=\"Go to Aterya Asans\u00f6r | Kap\u0131 | Kabin | Komple Asans\u00f6r Sistemleri | Aterya Elevator.\" href=\"https:\/\/kmtasansor.com\/ar\/\" class=\"home\" aria-current=\"page\"><span property=\"name\">\u0627\u0644\u0635\u0641\u062d\u0629 \u0627\u0644\u0631\u0626\u064a\u0633\u064a\u0629<\/span><\/a><meta property=\"position\" content=\"1\"><\/span><\/div>\t\t<\/div>\n\t\t\t\t<\/div>\n\t\t\t\t\t\t<\/div>\n\t\t\t\t\t<\/div>\n\t\t<\/div>\n\t\t\t\t\t\t\t\t<\/div>\n\t\t\t\t\t<\/div>\n\t\t<\/section>\n\t\t\t\t<section class=\"has_eae_slider elementor-section elementor-top-section elementor-element elementor-element-63cd373 elementor-section-full_width elementor-section-height-default elementor-section-height-default\" data-id=\"63cd373\" data-element_type=\"section\">\n\t\t\t\t\t\t<div class=\"elementor-container elementor-column-gap-default\">\n\t\t\t\t\t\t\t<div class=\"elementor-row\">\n\t\t\t\t\t<div class=\"has_eae_slider elementor-column elementor-col-100 elementor-top-column elementor-element elementor-element-01fcf79\" data-id=\"01fcf79\" data-element_type=\"column\">\n\t\t\t<div class=\"elementor-column-wrap elementor-element-populated\">\n\t\t\t\t\t\t\t<div class=\"elementor-widget-wrap\">\n\t\t\t\t\t\t<section class=\"has_eae_slider elementor-section elementor-inner-section elementor-element elementor-element-e18e3ad elementor-section-full_width elementor-section-height-default elementor-section-height-default\" data-id=\"e18e3ad\" data-element_type=\"section\">\n\t\t\t\t\t\t<div class=\"elementor-container elementor-column-gap-default\">\n\t\t\t\t\t\t\t<div class=\"elementor-row\">\n\t\t\t\t\t<div class=\"has_eae_slider elementor-column elementor-col-20 elementor-inner-column elementor-element elementor-element-ae2d1b7\" data-id=\"ae2d1b7\" data-element_type=\"column\">\n\t\t\t<div class=\"elementor-column-wrap elementor-element-populated\">\n\t\t\t\t\t\t\t<div class=\"elementor-widget-wrap\">\n\t\t\t\t\t\t<div class=\"elementor-element elementor-element-786e35b elementor-widget elementor-widget-image\" data-id=\"786e35b\" data-element_type=\"widget\" data-settings=\"{&quot;ekit_we_effect_on&quot;:&quot;none&quot;}\" data-widget_type=\"image.default\">\n\t\t\t\t<div class=\"elementor-widget-container\">\n\t\t\t\t\t<div class=\"elementor-image\">\n\t\t\t\t\t\t\t\t\t\t\t<a href=\"https:\/\/kmtasansor.com\/ar\/kat-kapilari\/2-panel-teleskopik-kat-kapisi\/\">\n\t\t\t\t\t\t\t<img loading=\"lazy\" width=\"800\" height=\"800\" src=\"https:\/\/kmtasansor.com\/wp-content\/uploads\/2023\/04\/1-1-1024x1024.jpg\" class=\"attachment-large size-large\" alt=\"\" decoding=\"async\" srcset=\"https:\/\/kmtasansor.com\/wp-content\/uploads\/2023\/04\/1-1.jpg 1024w, https:\/\/kmtasansor.com\/wp-content\/uploads\/2023\/04\/1-1-300x300.jpg 300w, https:\/\/kmtasansor.com\/wp-content\/uploads\/2023\/04\/1-1-150x150.jpg 150w, https:\/\/kmtasansor.com\/wp-content\/uploads\/2023\/04\/1-1-768x768.jpg 768w\" sizes=\"(max-width: 800px) 100vw, 800px\" \/>\t\t\t\t\t\t\t\t<\/a>\n\t\t\t\t\t\t\t\t\t\t\t<\/div>\n\t\t\t\t<\/div>\n\t\t\t\t<\/div>\n\t\t\t\t<div class=\"elementor-element elementor-element-166a599 elementor-widget elementor-widget-heading\" data-id=\"166a599\" data-element_type=\"widget\" data-settings=\"{&quot;ekit_we_effect_on&quot;:&quot;none&quot;}\" data-widget_type=\"heading.default\">\n\t\t\t\t<div class=\"elementor-widget-container\">\n\t\t\t<h2 class=\"elementor-heading-title elementor-size-default\"><a href=\"https:\/\/kmtasansor.com\/ar\/kat-kapilari\/2-panel-teleskopik-kat-kapisi\/\">2 \u0627 \u0644\u0648\u062d\u0629 \u0628\u0627\u0628 \u062a\u0644\u0633\u0643\u0648\u0628\u064a\u0629 \u0627\u0644\u0647\u0628\u0648\u0637<\/a><\/h2>\t\t<\/div>\n\t\t\t\t<\/div>\n\t\t\t\t\t\t<\/div>\n\t\t\t\t\t<\/div>\n\t\t<\/div>\n\t\t\t\t<div class=\"has_eae_slider elementor-column elementor-col-20 elementor-inner-column elementor-element elementor-element-976ae11\" data-id=\"976ae11\" data-element_type=\"column\">\n\t\t\t<div class=\"elementor-column-wrap elementor-element-populated\">\n\t\t\t\t\t\t\t<div class=\"elementor-widget-wrap\">\n\t\t\t\t\t\t<div class=\"elementor-element elementor-element-4dbe516 elementor-widget elementor-widget-image\" data-id=\"4dbe516\" data-element_type=\"widget\" data-settings=\"{&quot;ekit_we_effect_on&quot;:&quot;none&quot;}\" data-widget_type=\"image.default\">\n\t\t\t\t<div class=\"elementor-widget-container\">\n\t\t\t\t\t<div class=\"elementor-image\">\n\t\t\t\t\t\t\t\t\t\t\t<a href=\"https:\/\/kmtasansor.com\/ar\/kat-kapilari\/3-panel-teleskopik-kat-kapisi\/\">\n\t\t\t\t\t\t\t<img loading=\"lazy\" width=\"800\" height=\"800\" src=\"https:\/\/kmtasansor.com\/wp-content\/uploads\/2023\/04\/2-2-1024x1024.jpg\" class=\"attachment-large size-large\" alt=\"\" decoding=\"async\" srcset=\"https:\/\/kmtasansor.com\/wp-content\/uploads\/2023\/04\/2-2.jpg 1024w, https:\/\/kmtasansor.com\/wp-content\/uploads\/2023\/04\/2-2-300x300.jpg 300w, https:\/\/kmtasansor.com\/wp-content\/uploads\/2023\/04\/2-2-150x150.jpg 150w, https:\/\/kmtasansor.com\/wp-content\/uploads\/2023\/04\/2-2-768x768.jpg 768w\" sizes=\"(max-width: 800px) 100vw, 800px\" \/>\t\t\t\t\t\t\t\t<\/a>\n\t\t\t\t\t\t\t\t\t\t\t<\/div>\n\t\t\t\t<\/div>\n\t\t\t\t<\/div>\n\t\t\t\t<div class=\"elementor-element elementor-element-897adca elementor-widget elementor-widget-heading\" data-id=\"897adca\" data-element_type=\"widget\" data-settings=\"{&quot;ekit_we_effect_on&quot;:&quot;none&quot;}\" data-widget_type=\"heading.default\">\n\t\t\t\t<div class=\"elementor-widget-container\">\n\t\t\t<h2 class=\"elementor-heading-title elementor-size-default\"><a href=\"https:\/\/kmtasansor.com\/ar\/kat-kapilari\/3-panel-teleskopik-kat-kapisi\/\">3 \u0627 \u0644\u0648\u062d\u0629 \u0628\u0627\u0628 \u062a\u0644\u0633\u0643\u0648\u0628\u064a\u0629 \u0627\u0644\u0647\u0628\u0648\u0637<\/a><\/h2>\t\t<\/div>\n\t\t\t\t<\/div>\n\t\t\t\t\t\t<\/div>\n\t\t\t\t\t<\/div>\n\t\t<\/div>\n\t\t\t\t<div class=\"has_eae_slider elementor-column elementor-col-20 elementor-inner-column elementor-element elementor-element-890d028\" data-id=\"890d028\" data-element_type=\"column\">\n\t\t\t<div class=\"elementor-column-wrap elementor-element-populated\">\n\t\t\t\t\t\t\t<div class=\"elementor-widget-wrap\">\n\t\t\t\t\t\t<div class=\"elementor-element elementor-element-07ded0b elementor-widget elementor-widget-image\" data-id=\"07ded0b\" data-element_type=\"widget\" data-settings=\"{&quot;ekit_we_effect_on&quot;:&quot;none&quot;}\" data-widget_type=\"image.default\">\n\t\t\t\t<div class=\"elementor-widget-container\">\n\t\t\t\t\t<div class=\"elementor-image\">\n\t\t\t\t\t\t\t\t\t\t\t<a href=\"https:\/\/kmtasansor.com\/ar\/kat-kapilari\/2-panel-merkezi-kat-kapisi\/\">\n\t\t\t\t\t\t\t<img loading=\"lazy\" width=\"800\" height=\"800\" src=\"https:\/\/kmtasansor.com\/wp-content\/uploads\/2023\/04\/2-3-1024x1024.jpg\" class=\"attachment-large size-large\" alt=\"\" decoding=\"async\" srcset=\"https:\/\/kmtasansor.com\/wp-content\/uploads\/2023\/04\/2-3.jpg 1024w, https:\/\/kmtasansor.com\/wp-content\/uploads\/2023\/04\/2-3-300x300.jpg 300w, https:\/\/kmtasansor.com\/wp-content\/uploads\/2023\/04\/2-3-150x150.jpg 150w, https:\/\/kmtasansor.com\/wp-content\/uploads\/2023\/04\/2-3-768x768.jpg 768w\" sizes=\"(max-width: 800px) 100vw, 800px\" \/>\t\t\t\t\t\t\t\t<\/a>\n\t\t\t\t\t\t\t\t\t\t\t<\/div>\n\t\t\t\t<\/div>\n\t\t\t\t<\/div>\n\t\t\t\t<div class=\"elementor-element elementor-element-763429f elementor-widget elementor-widget-heading\" data-id=\"763429f\" data-element_type=\"widget\" data-settings=\"{&quot;ekit_we_effect_on&quot;:&quot;none&quot;}\" data-widget_type=\"heading.default\">\n\t\t\t\t<div class=\"elementor-widget-container\">\n\t\t\t<h2 class=\"elementor-heading-title elementor-size-default\"><a href=\"https:\/\/kmtasansor.com\/ar\/kat-kapilari\/2-panel-merkezi-kat-kapisi\/\">2  \u0627\u0644\u0648\u062d\u0629 \u0627\u0644\u0645\u0631\u0643\u0632\u064a\u0629 \u0628\u0627\u0628 \u0627\u0644\u0647\u0628\u0648\u0637<\/a><\/h2>\t\t<\/div>\n\t\t\t\t<\/div>\n\t\t\t\t\t\t<\/div>\n\t\t\t\t\t<\/div>\n\t\t<\/div>\n\t\t\t\t<div class=\"has_eae_slider elementor-column elementor-col-20 elementor-inner-column elementor-element elementor-element-9d82793\" data-id=\"9d82793\" data-element_type=\"column\">\n\t\t\t<div class=\"elementor-column-wrap elementor-element-populated\">\n\t\t\t\t\t\t\t<div class=\"elementor-widget-wrap\">\n\t\t\t\t\t\t<div class=\"elementor-element elementor-element-925e814 elementor-widget elementor-widget-image\" data-id=\"925e814\" data-element_type=\"widget\" data-settings=\"{&quot;ekit_we_effect_on&quot;:&quot;none&quot;}\" data-widget_type=\"image.default\">\n\t\t\t\t<div class=\"elementor-widget-container\">\n\t\t\t\t\t<div class=\"elementor-image\">\n\t\t\t\t\t\t\t\t\t\t\t<a href=\"https:\/\/kmtasansor.com\/ar\/kat-kapilari\/4-panel-merkezi-kat-kapisi\/\">\n\t\t\t\t\t\t\t<img loading=\"lazy\" width=\"800\" height=\"800\" src=\"https:\/\/kmtasansor.com\/wp-content\/uploads\/2023\/04\/2-4-1024x1024.jpg\" class=\"attachment-large size-large\" alt=\"\" decoding=\"async\" srcset=\"https:\/\/kmtasansor.com\/wp-content\/uploads\/2023\/04\/2-4.jpg 1024w, https:\/\/kmtasansor.com\/wp-content\/uploads\/2023\/04\/2-4-300x300.jpg 300w, https:\/\/kmtasansor.com\/wp-content\/uploads\/2023\/04\/2-4-150x150.jpg 150w, https:\/\/kmtasansor.com\/wp-content\/uploads\/2023\/04\/2-4-768x768.jpg 768w\" sizes=\"(max-width: 800px) 100vw, 800px\" \/>\t\t\t\t\t\t\t\t<\/a>\n\t\t\t\t\t\t\t\t\t\t\t<\/div>\n\t\t\t\t<\/div>\n\t\t\t\t<\/div>\n\t\t\t\t<div class=\"elementor-element elementor-element-a4277d5 elementor-widget elementor-widget-heading\" data-id=\"a4277d5\" data-element_type=\"widget\" data-settings=\"{&quot;ekit_we_effect_on&quot;:&quot;none&quot;}\" data-widget_type=\"heading.default\">\n\t\t\t\t<div class=\"elementor-widget-container\">\n\t\t\t<h2 class=\"elementor-heading-title elementor-size-default\"><a href=\"https:\/\/kmtasansor.com\/ar\/kat-kapilari\/4-panel-merkezi-kat-kapisi\/\">4   \u0627\u0644\u0648\u062d\u0629 \u0627\u0644\u0645\u0631\u0643\u0632\u064a\u0629 \u0628\u0627\u0628 \u0627\u0644\u0647\u0628\u0648\u0637<\/a><\/h2>\t\t<\/div>\n\t\t\t\t<\/div>\n\t\t\t\t\t\t<\/div>\n\t\t\t\t\t<\/div>\n\t\t<\/div>\n\t\t\t\t<div class=\"has_eae_slider elementor-column elementor-col-20 elementor-inner-column elementor-element elementor-element-655e36a\" data-id=\"655e36a\" data-element_type=\"column\">\n\t\t\t<div class=\"elementor-column-wrap elementor-element-populated\">\n\t\t\t\t\t\t\t<div class=\"elementor-widget-wrap\">\n\t\t\t\t\t\t<div class=\"elementor-element elementor-element-2a23abd elementor-widget elementor-widget-image\" data-id=\"2a23abd\" data-element_type=\"widget\" data-settings=\"{&quot;ekit_we_effect_on&quot;:&quot;none&quot;}\" data-widget_type=\"image.default\">\n\t\t\t\t<div class=\"elementor-widget-container\">\n\t\t\t\t\t<div class=\"elementor-image\">\n\t\t\t\t\t\t\t\t\t\t\t<a href=\"https:\/\/kmtasansor.com\/ar\/kat-kapilari\/6-panel-merkezi-kat-kapisi\/\">\n\t\t\t\t\t\t\t<img loading=\"lazy\" width=\"800\" height=\"800\" src=\"https:\/\/kmtasansor.com\/wp-content\/uploads\/2023\/04\/2-5-1024x1024.jpg\" class=\"attachment-large size-large\" alt=\"\" decoding=\"async\" srcset=\"https:\/\/kmtasansor.com\/wp-content\/uploads\/2023\/04\/2-5.jpg 1024w, https:\/\/kmtasansor.com\/wp-content\/uploads\/2023\/04\/2-5-300x300.jpg 300w, https:\/\/kmtasansor.com\/wp-content\/uploads\/2023\/04\/2-5-150x150.jpg 150w, https:\/\/kmtasansor.com\/wp-content\/uploads\/2023\/04\/2-5-768x768.jpg 768w\" sizes=\"(max-width: 800px) 100vw, 800px\" \/>\t\t\t\t\t\t\t\t<\/a>\n\t\t\t\t\t\t\t\t\t\t\t<\/div>\n\t\t\t\t<\/div>\n\t\t\t\t<\/div>\n\t\t\t\t<div class=\"elementor-element elementor-element-968d2fb elementor-widget elementor-widget-heading\" data-id=\"968d2fb\" data-element_type=\"widget\" data-settings=\"{&quot;ekit_we_effect_on&quot;:&quot;none&quot;}\" data-widget_type=\"heading.default\">\n\t\t\t\t<div class=\"elementor-widget-container\">\n\t\t\t<h2 class=\"elementor-heading-title elementor-size-default\"><a href=\"https:\/\/kmtasansor.com\/ar\/kat-kapilari\/6-panel-merkezi-kat-kapisi\/\">6   \u0627\u0644\u0648\u062d\u0629 \u0627\u0644\u0645\u0631\u0643\u0632\u064a\u0629 \u0628\u0627\u0628 \u0627\u0644\u0647\u0628\u0648\u0637<\/a><\/h2>\t\t<\/div>\n\t\t\t\t<\/div>\n\t\t\t\t\t\t<\/div>\n\t\t\t\t\t<\/div>\n\t\t<\/div>\n\t\t\t\t\t\t\t\t<\/div>\n\t\t\t\t\t<\/div>\n\t\t<\/section>\n\t\t\t\t\t\t<\/div>\n\t\t\t\t\t<\/div>\n\t\t<\/div>\n\t\t\t\t\t\t\t\t<\/div>\n\t\t\t\t\t<\/div>\n\t\t<\/section>\n\t\t\t\t\t\t<\/div>\n\t\t\t\t\t\t<\/div>\n\t\t\t\t\t<\/div>","protected":false},"excerpt":{"rendered":"<p>KAT KAPILARI 2 Panel Teleskopik Kat Kap\u0131s\u0131 3 Panel Teleskopik Kat Kap\u0131s\u0131 2 Panel Merkezi Kat Kap\u0131s\u0131 4 Panel Merkezi Kat Kap\u0131s\u0131 6 Panel Merkezi Kat Kap\u0131s\u0131<\/p>","protected":false},"author":3,"featured_media":0,"parent":0,"menu_order":0,"comment_status":"closed","ping_status":"closed","template":"elementor_header_footer","meta":{"footnotes":""},"_links":{"self":[{"href":"https:\/\/kmtasansor.com\/ar\/wp-json\/wp\/v2\/pages\/3020"}],"collection":[{"href":"https:\/\/kmtasansor.com\/ar\/wp-json\/wp\/v2\/pages"}],"about":[{"href":"https:\/\/kmtasansor.com\/ar\/wp-json\/wp\/v2\/types\/page"}],"author":[{"embeddable":true,"href":"https:\/\/kmtasansor.com\/ar\/wp-json\/wp\/v2\/users\/3"}],"replies":[{"embeddable":true,"href":"https:\/\/kmtasansor.com\/ar\/wp-json\/wp\/v2\/comments?post=3020"}],"version-history":[{"count":0,"href":"https:\/\/kmtasansor.com\/ar\/wp-json\/wp\/v2\/pages\/3020\/revisions"}],"wp:attachment":[{"href":"https:\/\/kmtasansor.com\/ar\/wp-json\/wp\/v2\/media?parent=3020"}],"curies":[{"name":"wp","href":"https:\/\/api.w.org\/{rel}","templated":true}]}}