{"id":1651,"date":"2020-03-12T17:24:06","date_gmt":"2020-03-12T17:24:06","guid":{"rendered":"https:\/\/aterya.tam.net.tr\/?page_id=1651"},"modified":"2020-03-23T17:07:42","modified_gmt":"2020-03-23T17:07:42","slug":"dokumanlar","status":"publish","type":"page","link":"https:\/\/kmtasansor.com\/ar\/dokumanlar\/","title":{"rendered":"\u0627\u0644\u0648\u062b\u0627\u0626\u0642"},"content":{"rendered":"<div data-elementor-type=\"wp-post\" data-elementor-id=\"1651\" class=\"elementor elementor-1651\" data-elementor-settings=\"[]\">\n\t\t\t\t\t\t<div class=\"elementor-inner\">\n\t\t\t\t\t\t\t<div class=\"elementor-section-wrap\">\n\t\t\t\t\t\t\t<section class=\"has_eae_slider elementor-section elementor-top-section elementor-element elementor-element-a091fef elementor-section-boxed elementor-section-height-default elementor-section-height-default\" data-id=\"a091fef\" data-element_type=\"section\" data-settings=\"{&quot;background_background&quot;:&quot;classic&quot;,&quot;ekit_section_parallax_bg_speed&quot;:0.6,&quot;ekit_section_parallax_bg&quot;:&quot;yes&quot;}\">\n\t\t\t\t\t\t<div class=\"elementor-container elementor-column-gap-default\">\n\t\t\t\t\t\t\t<div class=\"elementor-row\">\n\t\t\t\t\t<div class=\"has_eae_slider elementor-column elementor-col-100 elementor-top-column elementor-element elementor-element-4b0a31a\" data-id=\"4b0a31a\" data-element_type=\"column\">\n\t\t\t<div class=\"elementor-column-wrap elementor-element-populated\">\n\t\t\t\t\t\t\t<div class=\"elementor-widget-wrap\">\n\t\t\t\t\t\t<div class=\"elementor-element elementor-element-2460ed9 elementor-widget elementor-widget-elementskit-heading\" data-id=\"2460ed9\" data-element_type=\"widget\" data-settings=\"{&quot;ekit_we_effect_on&quot;:&quot;none&quot;}\" data-widget_type=\"elementskit-heading.default\">\n\t\t\t\t<div class=\"elementor-widget-container\">\n\t\t\t<div class=\"ekit-wid-con\" ><div class=\"elementskit-section-title-wraper text_center   ekit_heading_tablet-   ekit_heading_mobile-\"><h2 class=\"elementskit-section-title\">\n\t\t\t\t\t\u0648\u062b\u0627\u0626\u0642\n\t\t\t\t<\/h2><\/div><\/div>\t\t<\/div>\n\t\t\t\t<\/div>\n\t\t\t\t\t\t<\/div>\n\t\t\t\t\t<\/div>\n\t\t<\/div>\n\t\t\t\t\t\t\t\t<\/div>\n\t\t\t\t\t<\/div>\n\t\t<\/section>\n\t\t\t\t<section class=\"has_eae_slider elementor-section elementor-inner-section elementor-element elementor-element-9957008 elementor-section-boxed elementor-section-height-default elementor-section-height-default\" data-id=\"9957008\" data-element_type=\"section\">\n\t\t\t\t\t\t<div class=\"elementor-container elementor-column-gap-default\">\n\t\t\t\t\t\t\t<div class=\"elementor-row\">\n\t\t\t\t\t<div class=\"has_eae_slider elementor-column elementor-col-100 elementor-inner-column elementor-element elementor-element-4385aa1d\" data-id=\"4385aa1d\" data-element_type=\"column\">\n\t\t\t<div class=\"elementor-column-wrap elementor-element-populated\">\n\t\t\t\t\t\t\t<div class=\"elementor-widget-wrap\">\n\t\t\t\t\t\t<div class=\"elementor-element elementor-element-42ec2a40 elementor-widget elementor-widget-elementskit-faq\" data-id=\"42ec2a40\" data-element_type=\"widget\" data-settings=\"{&quot;ekit_we_effect_on&quot;:&quot;none&quot;}\" data-widget_type=\"elementskit-faq.default\">\n\t\t\t\t<div class=\"elementor-widget-container\">\n\t\t\t<div class=\"ekit-wid-con\" >\n                <div class=\"elementskit-single-faq elementor-repeater-item-905e1e9\">\n            <div class=\"elementskit-faq-header\">\n                <h2 class=\"elementskit-faq-title\">\u0634\u0647\u0627\u062f\u0629 \u0645\u0642\u0627\u0648\u0645\u0629 \u0627\u0644\u062d\u0631\u064a\u0642<\/h2>\n            <\/div>\n            <div class=\"elementskit-faq-body\">\n                <a href=\"https:\/\/kmtasansor.com\/wp-content\/uploads\/2019\/03\/YANGINA-DAYANIKLIK-BELGES\u0130-\u0130NG.-1.pdf\">\u0627\u0646\u0642\u0631 \u0647\u0646\u0627 \u0644\u0631\u0624\u064a\u0629 \u0627\u0644\u0648\u062b\u064a\u0642\u0629.<\/a>            <\/div>\n        <\/div>\n                <div class=\"elementskit-single-faq elementor-repeater-item-1310ae1\">\n            <div class=\"elementskit-faq-header\">\n                <h2 class=\"elementskit-faq-title\">\u0634\u0647\u0627\u062f\u0629 \u0645\u0642\u0627\u0648\u0645\u0629 \u0627\u0644\u062d\u0631\u064a\u0642<\/h2>\n            <\/div>\n            <div class=\"elementskit-faq-body\">\n                <a href=\"https:\/\/kmtasansor.com\/wp-content\/uploads\/2019\/03\/YANGINA-DAYANIKLIK-BELGES\u0130-T\u00dcRK\u00c7E.pdf\">\u0627\u0646\u0642\u0631 \u0647\u0646\u0627 \u0644\u0631\u0624\u064a\u0629 \u0627\u0644\u0648\u062b\u064a\u0642\u0629.<\/a>            <\/div>\n        <\/div>\n                <div class=\"elementskit-single-faq elementor-repeater-item-a821ed1\">\n            <div class=\"elementskit-faq-header\">\n                <h2 class=\"elementskit-faq-title\">EN 81-50:2014, EN 81-20:2014<\/h2>\n            <\/div>\n            <div class=\"elementskit-faq-body\">\n                <a href=\"https:\/\/kmtasansor.com\/wp-content\/uploads\/2019\/03\/ATERYA-SARKAC-CARPMA-OTOMATIK.pdf\">\u0627\u0646\u0642\u0631 \u0647\u0646\u0627 \u0644\u0631\u0624\u064a\u0629 \u0627\u0644\u0648\u062b\u064a\u0642\u0629.<\/a>            <\/div>\n        <\/div>\n                <div class=\"elementskit-single-faq elementor-repeater-item-b2642f9\">\n            <div class=\"elementskit-faq-header\">\n                <h2 class=\"elementskit-faq-title\">Inspection Certificate<\/h2>\n            <\/div>\n            <div class=\"elementskit-faq-body\">\n                <a href=\"https:\/\/kmtasansor.com\/wp-content\/uploads\/2019\/03\/Inspection-Certificate.jpeg\">\u0627\u0646\u0642\u0631 \u0647\u0646\u0627 \u0644\u0631\u0624\u064a\u0629 \u0627\u0644\u0648\u062b\u064a\u0642\u0629.<\/a>            <\/div>\n        <\/div>\n                <div class=\"elementskit-single-faq elementor-repeater-item-8537423\">\n            <div class=\"elementskit-faq-header\">\n                <h2 class=\"elementskit-faq-title\">Examination Certificate<\/h2>\n            <\/div>\n            <div class=\"elementskit-faq-body\">\n                <a href=\"https:\/\/kmtasansor.com\/wp-content\/uploads\/2019\/03\/Examination-Certificate.jpeg\">\u0627\u0646\u0642\u0631 \u0647\u0646\u0627 \u0644\u0631\u0624\u064a\u0629 \u0627\u0644\u0648\u062b\u064a\u0642\u0629.<\/a>            <\/div>\n        <\/div>\n        \n    <\/div>\t\t<\/div>\n\t\t\t\t<\/div>\n\t\t\t\t\t\t<\/div>\n\t\t\t\t\t<\/div>\n\t\t<\/div>\n\t\t\t\t\t\t\t\t<\/div>\n\t\t\t\t\t<\/div>\n\t\t<\/section>\n\t\t\t\t\t\t<\/div>\n\t\t\t\t\t\t<\/div>\n\t\t\t\t\t<\/div>","protected":false},"excerpt":{"rendered":"<p>D\u00d6K\u00dcMANLAR Yang\u0131na Dayan\u0131kl\u0131l\u0131k Belgesi \u0130ngilizce Belgeyi incelemek veya indirmek i\u00e7in t\u0131klay\u0131n. Yang\u0131na Dayan\u0131kl\u0131l\u0131k Belgesi T\u00fcrk\u00e7e Belgeyi incelemek veya indirmek i\u00e7in t\u0131klay\u0131n. EN 81-50:2014, EN 81-20:2014 Belgeyi incelemek veya indirmek i\u00e7in t\u0131klay\u0131n. Inspection Certificate Belgeyi incelemek veya indirmek i\u00e7in t\u0131klay\u0131n. Examination Certificate Belgeyi incelemek veya indirmek i\u00e7in t\u0131klay\u0131n.<\/p>","protected":false},"author":3,"featured_media":0,"parent":0,"menu_order":0,"comment_status":"closed","ping_status":"closed","template":"elementor_header_footer","meta":{"footnotes":""},"_links":{"self":[{"href":"https:\/\/kmtasansor.com\/ar\/wp-json\/wp\/v2\/pages\/1651"}],"collection":[{"href":"https:\/\/kmtasansor.com\/ar\/wp-json\/wp\/v2\/pages"}],"about":[{"href":"https:\/\/kmtasansor.com\/ar\/wp-json\/wp\/v2\/types\/page"}],"author":[{"embeddable":true,"href":"https:\/\/kmtasansor.com\/ar\/wp-json\/wp\/v2\/users\/3"}],"replies":[{"embeddable":true,"href":"https:\/\/kmtasansor.com\/ar\/wp-json\/wp\/v2\/comments?post=1651"}],"version-history":[{"count":0,"href":"https:\/\/kmtasansor.com\/ar\/wp-json\/wp\/v2\/pages\/1651\/revisions"}],"wp:attachment":[{"href":"https:\/\/kmtasansor.com\/ar\/wp-json\/wp\/v2\/media?parent=1651"}],"curies":[{"name":"wp","href":"https:\/\/api.w.org\/{rel}","templated":true}]}}